{"id":885,"date":"2013-04-11T15:40:31","date_gmt":"2013-04-11T13:40:31","guid":{"rendered":"http:\/\/schischule-radstadt.com.w013d2fb.kasserver.com\/kurse\/fis-pistenregeln\/"},"modified":"2025-11-26T10:25:07","modified_gmt":"2025-11-26T08:25:07","slug":"best2learn-skiamade","status":"publish","type":"page","link":"https:\/\/www.schischule-radstadt.com\/nl\/kurse\/best2learn-skiamade\/","title":{"rendered":"Best Learn 2 Ski Amade"},"content":{"rendered":"\t\t<div data-elementor-type=\"wp-page\" data-elementor-id=\"885\" class=\"elementor elementor-885 elementor-279\" data-elementor-post-type=\"page\">\n\t\t\t\t<div class=\"elementor-element elementor-element-2a35c8c e-flex e-con-boxed e-con e-parent\" data-id=\"2a35c8c\" data-element_type=\"container\" data-e-type=\"container\">\n\t\t\t\t\t<div class=\"e-con-inner\">\n\t\t<div class=\"elementor-element elementor-element-76f9d1b e-con-full e-flex e-con e-child\" data-id=\"76f9d1b\" data-element_type=\"container\" data-e-type=\"container\">\n\t\t\t\t<div class=\"elementor-element elementor-element-287958d elementor-widget elementor-widget-image\" data-id=\"287958d\" data-element_type=\"widget\" data-e-type=\"widget\" data-widget_type=\"image.default\">\n\t\t\t\t\t\t\t\t\t\t\t\t\t\t\t<img fetchpriority=\"high\" decoding=\"async\" width=\"250\" height=\"250\" src=\"https:\/\/www.schischule-radstadt.com\/wp-content\/uploads\/SA_BL2Ski_Logo-Button_darkblue_RGB.webp\" class=\"attachment-large size-large wp-image-5260\" alt=\"\" srcset=\"https:\/\/www.schischule-radstadt.com\/wp-content\/uploads\/SA_BL2Ski_Logo-Button_darkblue_RGB.webp 250w, https:\/\/www.schischule-radstadt.com\/wp-content\/uploads\/SA_BL2Ski_Logo-Button_darkblue_RGB-134x134.webp 134w, https:\/\/www.schischule-radstadt.com\/wp-content\/uploads\/SA_BL2Ski_Logo-Button_darkblue_RGB-200x200.webp 200w\" sizes=\"(max-width: 250px) 100vw, 250px\" \/>\t\t\t\t\t\t\t\t\t\t\t\t\t\t\t<\/div>\n\t\t\t\t<\/div>\n\t\t<div class=\"elementor-element elementor-element-5346961 e-con-full e-flex e-con e-child\" data-id=\"5346961\" data-element_type=\"container\" data-e-type=\"container\">\n\t\t\t\t<div class=\"elementor-element elementor-element-cc09a03 elementor-widget elementor-widget-text-editor\" data-id=\"cc09a03\" data-element_type=\"widget\" data-e-type=\"widget\" data-widget_type=\"text-editor.default\">\n\t\t\t\t\t\t\t\t\t<h3><span style=\"color: #0071bc;\">Best Learn2Ski amad\u00e9 bij Skischool Radstadt<\/span><\/h3>\n<p><span style=\"color: #000000;\">Beleef avontuur, verbeter je vaardigheden en voel je zelfverzekerd bij je eerste bochten: Ski amad\u00e9 zet deze winter nieuwe kwaliteitsnormen voor leren ski\u00ebn. Met Best Learn2Ski amad\u00e9 hebben ski\u00ebrs van alle leeftijden en niveaus toegang tot gecertificeerde professionals als instructeurs. De nieuwe certificering erkent erkende skischolen en biedt naast de beste individuele begeleiding ook verbetering en succes. Van kinderen die hun eerste bochten leren tot tieners die actie zoeken en actieve senioren die op zoek zijn naar een sportieve uitdaging, de verschillende Best Learn2Ski amad\u00e9-pakketten bieden voor elk niveau en elke leeftijd wat wils.<\/span><\/p>\n\t\t\t\t\t\t\t\t<\/div>\n\t\t\t\t<\/div>\n\t\t\t\t\t<\/div>\n\t\t\t\t<\/div>\n\t\t<div class=\"elementor-element elementor-element-f1f4b05 e-con-full e-flex e-con e-parent\" data-id=\"f1f4b05\" data-element_type=\"container\" data-e-type=\"container\">\n\t\t\t\t<div class=\"elementor-element elementor-element-9fc9964 elementor-widget__width-initial elementor-widget-divider--view-line elementor-widget elementor-widget-divider\" data-id=\"9fc9964\" data-element_type=\"widget\" data-e-type=\"widget\" data-widget_type=\"divider.default\">\n\t\t\t\t\t\t\t<div class=\"elementor-divider\">\n\t\t\t<span class=\"elementor-divider-separator\">\n\t\t\t\t\t\t<\/span>\n\t\t<\/div>\n\t\t\t\t\t\t<\/div>\n\t\t\t\t<\/div>\n\t\t<div class=\"elementor-element elementor-element-30f41e3 e-flex e-con-boxed e-con e-parent\" data-id=\"30f41e3\" data-element_type=\"container\" data-e-type=\"container\">\n\t\t\t\t\t<div class=\"e-con-inner\">\n\t\t<div class=\"elementor-element elementor-element-82d6ddd e-con-full e-flex e-con e-child\" data-id=\"82d6ddd\" data-element_type=\"container\" data-e-type=\"container\">\n\t\t\t\t<div class=\"elementor-element elementor-element-ce45aca elementor-widget elementor-widget-text-editor\" data-id=\"ce45aca\" data-element_type=\"widget\" data-e-type=\"widget\" data-widget_type=\"text-editor.default\">\n\t\t\t\t\t\t\t\t\t<h4 style=\"text-align: center;\"><span style=\"color: #ce171e;\">Bambinis op Skis<\/span><\/h4>\n<p><\/p>\n<p style=\"text-align: center;\"><span style=\"color: #000000;\">Bij &#8220;Bambini op Ski&#8217;s&#8221; maken kinderen van 4 tot 6 jaar spelenderwijs kennis met ski\u00ebn.<\/span><\/p>\n<p><\/p>\n<p style=\"text-align: center;\"><span style=\"color: #000000;\">In kleine groepjes, afgestemd op hun leeftijd en taalniveau, leren ze veilig en plezierig ski\u00ebn van gediplomeerde skileraren. De vijfdaagse skicursus (4 uur per dag) voldoet aan internationale normen en biedt een spannend programma, inclusief een afsluitende skiwedstrijd.<\/span><\/p>\n<p><\/p>\n<p style=\"text-align: center;\"><span style=\"color: #000000;\">.<\/span><\/p>\n\t\t\t\t\t\t\t\t<\/div>\n\t\t\t\t<div class=\"elementor-element elementor-element-c64cb94 elementor-align-center elementor-widget elementor-widget-button\" data-id=\"c64cb94\" data-element_type=\"widget\" data-e-type=\"widget\" data-widget_type=\"button.default\">\n\t\t\t\t\t\t\t\t\t\t<a class=\"elementor-button elementor-button-link elementor-size-sm\" href=\"https:\/\/www.schischule-radstadt.com\/nl\/product\/bambinis-op-skis\/\">\n\t\t\t\t\t\t<span class=\"elementor-button-content-wrapper\">\n\t\t\t\t\t\t\t\t\t<span class=\"elementor-button-text\">Boeken<\/span>\n\t\t\t\t\t<\/span>\n\t\t\t\t\t<\/a>\n\t\t\t\t\t\t\t\t<\/div>\n\t\t\t\t<\/div>\n\t\t<div class=\"elementor-element elementor-element-577cfbc e-con-full e-flex e-con e-child\" data-id=\"577cfbc\" data-element_type=\"container\" data-e-type=\"container\">\n\t\t\t\t<div class=\"elementor-element elementor-element-ab34a55 elementor-widget elementor-widget-image\" data-id=\"ab34a55\" data-element_type=\"widget\" data-e-type=\"widget\" data-widget_type=\"image.default\">\n\t\t\t\t\t\t\t\t\t\t\t\t\t\t\t<img decoding=\"async\" width=\"800\" height=\"599\" src=\"https:\/\/www.schischule-radstadt.com\/wp-content\/uploads\/Bambini-product-foto-800x599.png\" class=\"attachment-large size-large wp-image-7776\" alt=\"\" srcset=\"https:\/\/www.schischule-radstadt.com\/wp-content\/uploads\/Bambini-product-foto-800x599.png 800w, https:\/\/www.schischule-radstadt.com\/wp-content\/uploads\/Bambini-product-foto-332x249.png 332w, https:\/\/www.schischule-radstadt.com\/wp-content\/uploads\/Bambini-product-foto-179x134.png 179w, https:\/\/www.schischule-radstadt.com\/wp-content\/uploads\/Bambini-product-foto-768x575.png 768w, https:\/\/www.schischule-radstadt.com\/wp-content\/uploads\/Bambini-product-foto-600x449.png 600w, https:\/\/www.schischule-radstadt.com\/wp-content\/uploads\/Bambini-product-foto.png 837w\" sizes=\"(max-width: 800px) 100vw, 800px\" \/>\t\t\t\t\t\t\t\t\t\t\t\t\t\t\t<\/div>\n\t\t\t\t<\/div>\n\t\t\t\t\t<\/div>\n\t\t\t\t<\/div>\n\t\t<div class=\"elementor-element elementor-element-2d6e62b e-con-full e-flex e-con e-parent\" data-id=\"2d6e62b\" data-element_type=\"container\" data-e-type=\"container\">\n\t\t\t\t<div class=\"elementor-element elementor-element-9bf6bfe elementor-widget__width-initial elementor-widget-divider--view-line elementor-widget elementor-widget-divider\" data-id=\"9bf6bfe\" data-element_type=\"widget\" data-e-type=\"widget\" data-widget_type=\"divider.default\">\n\t\t\t\t\t\t\t<div class=\"elementor-divider\">\n\t\t\t<span class=\"elementor-divider-separator\">\n\t\t\t\t\t\t<\/span>\n\t\t<\/div>\n\t\t\t\t\t\t<\/div>\n\t\t\t\t<\/div>\n\t\t<div class=\"elementor-element elementor-element-516e365 e-flex e-con-boxed e-con e-parent\" data-id=\"516e365\" data-element_type=\"container\" data-e-type=\"container\">\n\t\t\t\t\t<div class=\"e-con-inner\">\n\t\t<div class=\"elementor-element elementor-element-05332e3 e-con-full e-flex e-con e-child\" data-id=\"05332e3\" data-element_type=\"container\" data-e-type=\"container\">\n\t\t\t\t<div class=\"elementor-element elementor-element-5d837a8 elementor-widget elementor-widget-image\" data-id=\"5d837a8\" data-element_type=\"widget\" data-e-type=\"widget\" data-widget_type=\"image.default\">\n\t\t\t\t\t\t\t\t\t\t\t\t\t\t\t<img decoding=\"async\" width=\"800\" height=\"599\" src=\"https:\/\/www.schischule-radstadt.com\/wp-content\/uploads\/Junior-product-foro-800x599.png\" class=\"attachment-large size-large wp-image-7775\" alt=\"\" srcset=\"https:\/\/www.schischule-radstadt.com\/wp-content\/uploads\/Junior-product-foro-800x599.png 800w, https:\/\/www.schischule-radstadt.com\/wp-content\/uploads\/Junior-product-foro-333x249.png 333w, https:\/\/www.schischule-radstadt.com\/wp-content\/uploads\/Junior-product-foro-179x134.png 179w, https:\/\/www.schischule-radstadt.com\/wp-content\/uploads\/Junior-product-foro-768x575.png 768w, https:\/\/www.schischule-radstadt.com\/wp-content\/uploads\/Junior-product-foro-600x449.png 600w, https:\/\/www.schischule-radstadt.com\/wp-content\/uploads\/Junior-product-foro.png 836w\" sizes=\"(max-width: 800px) 100vw, 800px\" \/>\t\t\t\t\t\t\t\t\t\t\t\t\t\t\t<\/div>\n\t\t\t\t<\/div>\n\t\t<div class=\"elementor-element elementor-element-67442a6 e-con-full e-flex e-con e-child\" data-id=\"67442a6\" data-element_type=\"container\" data-e-type=\"container\">\n\t\t<div class=\"elementor-element elementor-element-628b429 e-con-full e-flex e-con e-child\" data-id=\"628b429\" data-element_type=\"container\" data-e-type=\"container\">\n\t\t\t\t<div class=\"elementor-element elementor-element-5c48069 elementor-widget elementor-widget-text-editor\" data-id=\"5c48069\" data-element_type=\"widget\" data-e-type=\"widget\" data-widget_type=\"text-editor.default\">\n\t\t\t\t\t\t\t\t\t<h4 style=\"text-align: center;\"><span style=\"color: #ce171e;\">Juniors op Skis on Skis<\/span><\/h4>\n<p><\/p>\n<p style=\"text-align: center;\"><span style=\"color: #000000;\">&#8220;Juniors on Skis&#8221; biedt kinderen van 6 tot 13 jaar de ultieme leerervaring op de piste. In kleine, leeftijds- en taalgeschikte groepen leren gediplomeerde skileraren alle essenti\u00eble technieken tijdens een vijfdaagse skicursus (4 uur per dag). Het programma omvat ook een dagelijks activiteitenprogramma en een spannende afsluitende skirace.<\/span><\/p>\n\t\t\t\t\t\t\t\t<\/div>\n\t\t\t\t<div class=\"elementor-element elementor-element-b6701d1 elementor-align-center elementor-widget elementor-widget-button\" data-id=\"b6701d1\" data-element_type=\"widget\" data-e-type=\"widget\" data-widget_type=\"button.default\">\n\t\t\t\t\t\t\t\t\t\t<a class=\"elementor-button elementor-button-link elementor-size-sm\" href=\"https:\/\/www.schischule-radstadt.com\/nl\/product\/juniors-op-skis\/\">\n\t\t\t\t\t\t<span class=\"elementor-button-content-wrapper\">\n\t\t\t\t\t\t\t\t\t<span class=\"elementor-button-text\">Boeken<\/span>\n\t\t\t\t\t<\/span>\n\t\t\t\t\t<\/a>\n\t\t\t\t\t\t\t\t<\/div>\n\t\t\t\t<\/div>\n\t\t\t\t<\/div>\n\t\t\t\t\t<\/div>\n\t\t\t\t<\/div>\n\t\t<div class=\"elementor-element elementor-element-7223045 e-con-full e-flex e-con e-parent\" data-id=\"7223045\" data-element_type=\"container\" data-e-type=\"container\">\n\t\t\t\t<div class=\"elementor-element elementor-element-2af6757 elementor-widget__width-initial elementor-widget-divider--view-line elementor-widget elementor-widget-divider\" data-id=\"2af6757\" data-element_type=\"widget\" data-e-type=\"widget\" data-widget_type=\"divider.default\">\n\t\t\t\t\t\t\t<div class=\"elementor-divider\">\n\t\t\t<span class=\"elementor-divider-separator\">\n\t\t\t\t\t\t<\/span>\n\t\t<\/div>\n\t\t\t\t\t\t<\/div>\n\t\t\t\t<\/div>\n\t\t<div class=\"elementor-element elementor-element-1dc576d e-flex e-con-boxed e-con e-parent\" data-id=\"1dc576d\" data-element_type=\"container\" data-e-type=\"container\">\n\t\t\t\t\t<div class=\"e-con-inner\">\n\t\t<div class=\"elementor-element elementor-element-2268a9b e-con-full e-flex e-con e-child\" data-id=\"2268a9b\" data-element_type=\"container\" data-e-type=\"container\">\n\t\t\t\t<div class=\"elementor-element elementor-element-d7ca2bd elementor-widget elementor-widget-text-editor\" data-id=\"d7ca2bd\" data-element_type=\"widget\" data-e-type=\"widget\" data-widget_type=\"text-editor.default\">\n\t\t\t\t\t\t\t\t\t<h4 style=\"text-align: center;\"><span style=\"color: #ce171e;\">Teens op Skis<\/span><\/h4>\n<p><\/p>\n<p style=\"text-align: center;\"><span style=\"color: #000000;\">Tijdens de 3- tot 5-daagse cursus &#8220;Teens on Skis Unlimited&#8221; verbeteren tieners van 12 tot 16 jaar hun vaardigheden in kleine groepen met toffe coaches. De 3- tot 5-daagse cursus (4 uur per dag) biedt training volgens internationale normen op nieuw terrein, gecombineerd met een afwisselend programma vol plezier en actie.<\/span><\/p>\n\t\t\t\t\t\t\t\t<\/div>\n\t\t\t\t<div class=\"elementor-element elementor-element-4555996 elementor-align-center elementor-widget elementor-widget-button\" data-id=\"4555996\" data-element_type=\"widget\" data-e-type=\"widget\" data-widget_type=\"button.default\">\n\t\t\t\t\t\t\t\t\t\t<a class=\"elementor-button elementor-button-link elementor-size-sm\" href=\"https:\/\/www.schischule-radstadt.com\/nl\/product\/teens-on-skis\/\">\n\t\t\t\t\t\t<span class=\"elementor-button-content-wrapper\">\n\t\t\t\t\t\t\t\t\t<span class=\"elementor-button-text\">Boeken<\/span>\n\t\t\t\t\t<\/span>\n\t\t\t\t\t<\/a>\n\t\t\t\t\t\t\t\t<\/div>\n\t\t\t\t<\/div>\n\t\t<div class=\"elementor-element elementor-element-4468b9a e-con-full e-flex e-con e-child\" data-id=\"4468b9a\" data-element_type=\"container\" data-e-type=\"container\">\n\t\t\t\t<div class=\"elementor-element elementor-element-1d18443 elementor-widget elementor-widget-image\" data-id=\"1d18443\" data-element_type=\"widget\" data-e-type=\"widget\" data-widget_type=\"image.default\">\n\t\t\t\t\t\t\t\t\t\t\t\t\t\t\t<img loading=\"lazy\" decoding=\"async\" width=\"800\" height=\"531\" src=\"https:\/\/www.schischule-radstadt.com\/wp-content\/uploads\/Teens-product-foto-800x531.png\" class=\"attachment-large size-large wp-image-7774\" alt=\"\" srcset=\"https:\/\/www.schischule-radstadt.com\/wp-content\/uploads\/Teens-product-foto-800x531.png 800w, https:\/\/www.schischule-radstadt.com\/wp-content\/uploads\/Teens-product-foto-375x249.png 375w, https:\/\/www.schischule-radstadt.com\/wp-content\/uploads\/Teens-product-foto-200x134.png 200w, https:\/\/www.schischule-radstadt.com\/wp-content\/uploads\/Teens-product-foto-768x510.png 768w, https:\/\/www.schischule-radstadt.com\/wp-content\/uploads\/Teens-product-foto-600x398.png 600w, https:\/\/www.schischule-radstadt.com\/wp-content\/uploads\/Teens-product-foto.png 943w\" sizes=\"(max-width: 800px) 100vw, 800px\" \/>\t\t\t\t\t\t\t\t\t\t\t\t\t\t\t<\/div>\n\t\t\t\t<\/div>\n\t\t\t\t\t<\/div>\n\t\t\t\t<\/div>\n\t\t<div class=\"elementor-element elementor-element-2007836 e-con-full e-flex e-con e-parent\" data-id=\"2007836\" data-element_type=\"container\" data-e-type=\"container\">\n\t\t\t\t<div class=\"elementor-element elementor-element-99e8865 elementor-widget__width-initial elementor-widget-divider--view-line elementor-widget elementor-widget-divider\" data-id=\"99e8865\" data-element_type=\"widget\" data-e-type=\"widget\" data-widget_type=\"divider.default\">\n\t\t\t\t\t\t\t<div class=\"elementor-divider\">\n\t\t\t<span class=\"elementor-divider-separator\">\n\t\t\t\t\t\t<\/span>\n\t\t<\/div>\n\t\t\t\t\t\t<\/div>\n\t\t\t\t<\/div>\n\t\t<div class=\"elementor-element elementor-element-7479f38 e-flex e-con-boxed e-con e-parent\" data-id=\"7479f38\" data-element_type=\"container\" data-e-type=\"container\">\n\t\t\t\t\t<div class=\"e-con-inner\">\n\t\t<div class=\"elementor-element elementor-element-5e96046 e-con-full e-flex e-con e-child\" data-id=\"5e96046\" data-element_type=\"container\" data-e-type=\"container\">\n\t\t\t\t<div class=\"elementor-element elementor-element-b7a6953 elementor-widget elementor-widget-image\" data-id=\"b7a6953\" data-element_type=\"widget\" data-e-type=\"widget\" data-widget_type=\"image.default\">\n\t\t\t\t\t\t\t\t\t\t\t\t\t\t\t<img loading=\"lazy\" decoding=\"async\" width=\"800\" height=\"535\" src=\"https:\/\/www.schischule-radstadt.com\/wp-content\/uploads\/back2ski-product-foto-800x535.png\" class=\"attachment-large size-large wp-image-7773\" alt=\"\" srcset=\"https:\/\/www.schischule-radstadt.com\/wp-content\/uploads\/back2ski-product-foto-800x535.png 800w, https:\/\/www.schischule-radstadt.com\/wp-content\/uploads\/back2ski-product-foto-373x249.png 373w, https:\/\/www.schischule-radstadt.com\/wp-content\/uploads\/back2ski-product-foto-200x134.png 200w, https:\/\/www.schischule-radstadt.com\/wp-content\/uploads\/back2ski-product-foto-768x513.png 768w, https:\/\/www.schischule-radstadt.com\/wp-content\/uploads\/back2ski-product-foto-600x401.png 600w, https:\/\/www.schischule-radstadt.com\/wp-content\/uploads\/back2ski-product-foto.png 938w\" sizes=\"(max-width: 800px) 100vw, 800px\" \/>\t\t\t\t\t\t\t\t\t\t\t\t\t\t\t<\/div>\n\t\t\t\t<\/div>\n\t\t<div class=\"elementor-element elementor-element-05c507d e-con-full e-flex e-con e-child\" data-id=\"05c507d\" data-element_type=\"container\" data-e-type=\"container\">\n\t\t<div class=\"elementor-element elementor-element-9f170a5 e-con-full e-flex e-con e-child\" data-id=\"9f170a5\" data-element_type=\"container\" data-e-type=\"container\">\n\t\t\t\t<div class=\"elementor-element elementor-element-3a2d314 elementor-widget elementor-widget-text-editor\" data-id=\"3a2d314\" data-element_type=\"widget\" data-e-type=\"widget\" data-widget_type=\"text-editor.default\">\n\t\t\t\t\t\t\t\t\t<h4 style=\"text-align: center;\"><span style=\"color: #ce171e;\">Back 2 Ski<\/span><\/h4>\n<p><\/p>\n<p style=\"text-align: center;\"><span style=\"color: #000000;\">&#8220;Terug naar mooie en veilige bochten \u2013 met individuele instructie van<\/span><br \/>\n<span style=\"color: #000000;\">gediplomeerde skileraren: Voor iedereen ouder dan 18! Tweedaagse priv\u00e9lessen (elk 2 uur) met gerichte techniektraining leiden tot een compleet nieuw niveau van verbetering en succes. Dit is individuele skicoaching van topklasse!&#8221;<\/span><\/p>\n\t\t\t\t\t\t\t\t<\/div>\n\t\t\t\t<div class=\"elementor-element elementor-element-62e25d8 elementor-align-center elementor-widget elementor-widget-button\" data-id=\"62e25d8\" data-element_type=\"widget\" data-e-type=\"widget\" data-widget_type=\"button.default\">\n\t\t\t\t\t\t\t\t\t\t<a class=\"elementor-button elementor-button-link elementor-size-sm\" href=\"https:\/\/www.schischule-radstadt.com\/nl\/product\/back-2-ski-2-middagen\/\">\n\t\t\t\t\t\t<span class=\"elementor-button-content-wrapper\">\n\t\t\t\t\t\t\t\t\t<span class=\"elementor-button-text\">Boeken<\/span>\n\t\t\t\t\t<\/span>\n\t\t\t\t\t<\/a>\n\t\t\t\t\t\t\t\t<\/div>\n\t\t\t\t<\/div>\n\t\t\t\t<\/div>\n\t\t\t\t\t<\/div>\n\t\t\t\t<\/div>\n\t\t<div class=\"elementor-element elementor-element-01833a9 e-con-full e-flex e-con e-parent\" data-id=\"01833a9\" data-element_type=\"container\" data-e-type=\"container\">\n\t\t\t\t<div class=\"elementor-element elementor-element-abaca7c elementor-widget__width-initial elementor-widget-divider--view-line elementor-widget elementor-widget-divider\" data-id=\"abaca7c\" data-element_type=\"widget\" data-e-type=\"widget\" data-widget_type=\"divider.default\">\n\t\t\t\t\t\t\t<div class=\"elementor-divider\">\n\t\t\t<span class=\"elementor-divider-separator\">\n\t\t\t\t\t\t<\/span>\n\t\t<\/div>\n\t\t\t\t\t\t<\/div>\n\t\t\t\t<\/div>\n\t\t<div class=\"elementor-element elementor-element-c79e9fc e-flex e-con-boxed e-con e-parent\" data-id=\"c79e9fc\" data-element_type=\"container\" data-e-type=\"container\">\n\t\t\t\t\t<div class=\"e-con-inner\">\n\t\t<div class=\"elementor-element elementor-element-d30bba5 e-con-full e-flex e-con e-child\" data-id=\"d30bba5\" data-element_type=\"container\" data-e-type=\"container\">\n\t\t\t\t<div class=\"elementor-element elementor-element-2ce2e47 elementor-widget elementor-widget-text-editor\" data-id=\"2ce2e47\" data-element_type=\"widget\" data-e-type=\"widget\" data-widget_type=\"text-editor.default\">\n\t\t\t\t\t\t\t\t\t<h4 style=\"text-align: center;\"><span style=\"color: #ce171e;\">Learn 2 Ski<\/span><\/h4>\n<p><\/p>\n<p style=\"text-align: center;\"><span style=\"color: #000000;\">&#8220;Learn2Ski&#8221; is de ideale driedaagse cursus voor volwassen skibeginners die onder professionele begeleiding snel succes willen boeken. In kleine groepen garanderen de skischolen plezier, veiligheid en eerste successen op de piste.<\/span><\/p>\n\t\t\t\t\t\t\t\t<\/div>\n\t\t\t\t<div class=\"elementor-element elementor-element-ee10c42 elementor-align-center elementor-widget elementor-widget-button\" data-id=\"ee10c42\" data-element_type=\"widget\" data-e-type=\"widget\" data-widget_type=\"button.default\">\n\t\t\t\t\t\t\t\t\t\t<a class=\"elementor-button elementor-button-link elementor-size-sm\" href=\"https:\/\/www.schischule-radstadt.com\/nl\/product\/learn-2-ski-3-dagen\/\">\n\t\t\t\t\t\t<span class=\"elementor-button-content-wrapper\">\n\t\t\t\t\t\t\t\t\t<span class=\"elementor-button-text\">Boeken<\/span>\n\t\t\t\t\t<\/span>\n\t\t\t\t\t<\/a>\n\t\t\t\t\t\t\t\t<\/div>\n\t\t\t\t<\/div>\n\t\t<div class=\"elementor-element elementor-element-0d26739 e-con-full e-flex e-con e-child\" data-id=\"0d26739\" data-element_type=\"container\" data-e-type=\"container\">\n\t\t\t\t<div class=\"elementor-element elementor-element-fc70d63 elementor-widget elementor-widget-image\" data-id=\"fc70d63\" data-element_type=\"widget\" data-e-type=\"widget\" data-widget_type=\"image.default\">\n\t\t\t\t\t\t\t\t\t\t\t\t\t\t\t<img loading=\"lazy\" decoding=\"async\" width=\"800\" height=\"534\" src=\"https:\/\/www.schischule-radstadt.com\/wp-content\/uploads\/learn-2-ski-product-foto-800x534.png\" class=\"attachment-large size-large wp-image-7772\" alt=\"\" srcset=\"https:\/\/www.schischule-radstadt.com\/wp-content\/uploads\/learn-2-ski-product-foto-800x534.png 800w, https:\/\/www.schischule-radstadt.com\/wp-content\/uploads\/learn-2-ski-product-foto-373x249.png 373w, https:\/\/www.schischule-radstadt.com\/wp-content\/uploads\/learn-2-ski-product-foto-200x134.png 200w, https:\/\/www.schischule-radstadt.com\/wp-content\/uploads\/learn-2-ski-product-foto-768x513.png 768w, https:\/\/www.schischule-radstadt.com\/wp-content\/uploads\/learn-2-ski-product-foto-600x401.png 600w, https:\/\/www.schischule-radstadt.com\/wp-content\/uploads\/learn-2-ski-product-foto.png 937w\" sizes=\"(max-width: 800px) 100vw, 800px\" \/>\t\t\t\t\t\t\t\t\t\t\t\t\t\t\t<\/div>\n\t\t\t\t<\/div>\n\t\t\t\t\t<\/div>\n\t\t\t\t<\/div>\n\t\t\t\t<\/div>\n\t\t","protected":false},"excerpt":{"rendered":"<p>Best Learn2Ski amad\u00e9 bij Skischool Radstadt Beleef avontuur, verbeter je vaardigheden en voel je zelfverzekerd bij je eerste bochten: Ski amad\u00e9 zet deze winter nieuwe kwaliteitsnormen voor leren ski\u00ebn. Met Best Learn2Ski amad\u00e9 hebben ski\u00ebrs van alle leeftijden en niveaus toegang tot gecertificeerde professionals als instructeurs. De nieuwe certificering erkent erkende skischolen en biedt naast [&hellip;]<\/p>\n","protected":false},"author":5,"featured_media":0,"parent":871,"menu_order":33,"comment_status":"closed","ping_status":"closed","template":"","meta":{"footnotes":""},"class_list":["post-885","page","type-page","status-publish","hentry"],"jetpack_sharing_enabled":true,"_links":{"self":[{"href":"https:\/\/www.schischule-radstadt.com\/nl\/wp-json\/wp\/v2\/pages\/885","targetHints":{"allow":["GET"]}}],"collection":[{"href":"https:\/\/www.schischule-radstadt.com\/nl\/wp-json\/wp\/v2\/pages"}],"about":[{"href":"https:\/\/www.schischule-radstadt.com\/nl\/wp-json\/wp\/v2\/types\/page"}],"author":[{"embeddable":true,"href":"https:\/\/www.schischule-radstadt.com\/nl\/wp-json\/wp\/v2\/users\/5"}],"replies":[{"embeddable":true,"href":"https:\/\/www.schischule-radstadt.com\/nl\/wp-json\/wp\/v2\/comments?post=885"}],"version-history":[{"count":7,"href":"https:\/\/www.schischule-radstadt.com\/nl\/wp-json\/wp\/v2\/pages\/885\/revisions"}],"predecessor-version":[{"id":9430,"href":"https:\/\/www.schischule-radstadt.com\/nl\/wp-json\/wp\/v2\/pages\/885\/revisions\/9430"}],"up":[{"embeddable":true,"href":"https:\/\/www.schischule-radstadt.com\/nl\/wp-json\/wp\/v2\/pages\/871"}],"wp:attachment":[{"href":"https:\/\/www.schischule-radstadt.com\/nl\/wp-json\/wp\/v2\/media?parent=885"}],"curies":[{"name":"wp","href":"https:\/\/api.w.org\/{rel}","templated":true}]}}