{"id":879,"date":"2013-04-11T12:11:50","date_gmt":"2013-04-11T10:11:50","guid":{"rendered":"http:\/\/schischule-radstadt.com.w013d2fb.kasserver.com\/kurse\/erwachsenen-skikurse\/"},"modified":"2026-01-10T09:51:50","modified_gmt":"2026-01-10T07:51:50","slug":"erwachsenen-skikurse","status":"publish","type":"page","link":"https:\/\/www.schischule-radstadt.com\/nl\/kurse\/erwachsenen-skikurse\/","title":{"rendered":"Erwachsenenkurse"},"content":{"rendered":"\t\t<div data-elementor-type=\"wp-page\" data-elementor-id=\"879\" class=\"elementor elementor-879 elementor-190\" data-elementor-post-type=\"page\">\n\t\t\t\t<div class=\"elementor-element elementor-element-a713665 e-flex e-con-boxed e-con e-parent\" data-id=\"a713665\" data-element_type=\"container\" data-e-type=\"container\">\n\t\t\t\t\t<div class=\"e-con-inner\">\n\t\t<div class=\"elementor-element elementor-element-8881b93 e-con-full e-flex e-con e-child\" data-id=\"8881b93\" data-element_type=\"container\" data-e-type=\"container\">\n\t\t\t\t<div class=\"elementor-element elementor-element-0e94284 elementor-widget elementor-widget-image\" data-id=\"0e94284\" data-element_type=\"widget\" data-e-type=\"widget\" data-widget_type=\"image.default\">\n\t\t\t\t\t\t\t\t\t\t\t\t\t\t\t<img fetchpriority=\"high\" decoding=\"async\" width=\"1920\" height=\"1280\" src=\"https:\/\/www.schischule-radstadt.com\/wp-content\/uploads\/20250106_115845-0f17-1.webp\" class=\"attachment-full size-full wp-image-7757\" alt=\"\" srcset=\"https:\/\/www.schischule-radstadt.com\/wp-content\/uploads\/20250106_115845-0f17-1.webp 1920w, https:\/\/www.schischule-radstadt.com\/wp-content\/uploads\/20250106_115845-0f17-1-374x249.webp 374w, https:\/\/www.schischule-radstadt.com\/wp-content\/uploads\/20250106_115845-0f17-1-800x533.webp 800w, https:\/\/www.schischule-radstadt.com\/wp-content\/uploads\/20250106_115845-0f17-1-200x134.webp 200w, https:\/\/www.schischule-radstadt.com\/wp-content\/uploads\/20250106_115845-0f17-1-768x512.webp 768w, https:\/\/www.schischule-radstadt.com\/wp-content\/uploads\/20250106_115845-0f17-1-1536x1024.webp 1536w, https:\/\/www.schischule-radstadt.com\/wp-content\/uploads\/20250106_115845-0f17-1-600x400.webp 600w\" sizes=\"(max-width: 1920px) 100vw, 1920px\" \/>\t\t\t\t\t\t\t\t\t\t\t\t\t\t\t<\/div>\n\t\t<div class=\"elementor-element elementor-element-761241e e-con-full e-flex e-con e-child\" data-id=\"761241e\" data-element_type=\"container\" data-e-type=\"container\">\n\t\t\t\t<div class=\"elementor-element elementor-element-a623d1b elementor-widget elementor-widget-image\" data-id=\"a623d1b\" data-element_type=\"widget\" data-e-type=\"widget\" data-widget_type=\"image.default\">\n\t\t\t\t\t\t\t\t\t\t\t\t\t\t\t<img decoding=\"async\" width=\"2048\" height=\"1365\" src=\"https:\/\/www.schischule-radstadt.com\/wp-content\/uploads\/20250206_175156-f4c8.jpg\" class=\"attachment-full size-full wp-image-7191\" alt=\"\" srcset=\"https:\/\/www.schischule-radstadt.com\/wp-content\/uploads\/20250206_175156-f4c8.jpg 2048w, https:\/\/www.schischule-radstadt.com\/wp-content\/uploads\/20250206_175156-f4c8-374x249.jpg 374w, https:\/\/www.schischule-radstadt.com\/wp-content\/uploads\/20250206_175156-f4c8-800x533.jpg 800w, https:\/\/www.schischule-radstadt.com\/wp-content\/uploads\/20250206_175156-f4c8-200x134.jpg 200w, https:\/\/www.schischule-radstadt.com\/wp-content\/uploads\/20250206_175156-f4c8-768x512.jpg 768w, https:\/\/www.schischule-radstadt.com\/wp-content\/uploads\/20250206_175156-f4c8-1536x1024.jpg 1536w, https:\/\/www.schischule-radstadt.com\/wp-content\/uploads\/20250206_175156-f4c8-600x400.jpg 600w\" sizes=\"(max-width: 2048px) 100vw, 2048px\" \/>\t\t\t\t\t\t\t\t\t\t\t\t\t\t\t<\/div>\n\t\t\t\t<\/div>\n\t\t\t\t<\/div>\n\t\t<div class=\"elementor-element elementor-element-96014e8 e-con-full e-flex e-con e-child\" data-id=\"96014e8\" data-element_type=\"container\" data-e-type=\"container\">\n\t\t\t\t<div class=\"elementor-element elementor-element-b7fddd0 elementor-widget elementor-widget-text-editor\" data-id=\"b7fddd0\" data-element_type=\"widget\" data-e-type=\"widget\" data-widget_type=\"text-editor.default\">\n\t\t\t\t\t\t\t\t\t<h3><span style=\"color: #0071bc;\">Skikurse Erwachsene<\/span><\/h3><p><span style=\"color: #000000;\">Die Schischule Radstadt bietet Skikurse f\u00fcr Jugendliche und Erwachsene von Anf\u00e4nger bis hin zu Fortgeschrittene. Je nach K\u00f6nnen werden Sie in die einzelnen Gruppen eingeteilt. Die ortskundigen, geschulten Skilehrer bringen Ihnen das Skifahren bei und verbessern oder perfektionieren Ihre Technik. Sie lernen, sicher auf dem Ski zu stehen und Pisten mit unterschiedlichem Schwierigkeitsgrad mit Bravour zu meistern.<\/span><\/p><p><span style=\"color: #000000;\">Erlernen Sie das Skifahren in der Gruppe und erleben Sie Spa\u00df und motivierende Gruppendynamik! Unsere ausgebildeten Skilehrer bringen Ihnen vom Anf\u00e4nger bis zum Fortgeschrittenen das Skifahren bei.<\/span><\/p>\t\t\t\t\t\t\t\t<\/div>\n\t\t\t\t<\/div>\n\t\t\t\t\t<\/div>\n\t\t\t\t<\/div>\n\t\t<div class=\"elementor-element elementor-element-0dc4d97 e-flex e-con-boxed e-con e-parent\" data-id=\"0dc4d97\" data-element_type=\"container\" data-e-type=\"container\">\n\t\t\t\t\t<div class=\"e-con-inner\">\n\t\t\t\t<div class=\"elementor-element elementor-element-23c7140 elementor-widget elementor-widget-Table\" data-id=\"23c7140\" data-element_type=\"widget\" data-e-type=\"widget\" data-widget_type=\"Table.default\">\n\t\t\t\t<div class=\"elementor-widget-container\">\n\t\t\t\t\t\t\t<table class=\"tafe-table \">\n\t\t\t<thead  class=\"tafe-table-header\">\n\t\t\t\t<tr>\n\t\t\t\t\t<th class=\"elementor-inline-editing elementor-repeater-item-4362a68\"   ><\/th><th class=\"elementor-inline-editing elementor-repeater-item-4aea08a\"   >Halbtagskurse: 2 Stunden \/ Tag \n(10.00 - 12.00)<\/th><th class=\"elementor-inline-editing elementor-repeater-item-fbbac6b\"   >Ganztagskurs: 4 Stunden \/ Tag\n(10.00 - 12.00 und 13.30 - 15.30)<\/th>\t\t\t\t<\/tr>\n\t\t\t<\/thead>\n\t\t\t\t\t\t<tbody class=\"tafe-table-body\">\n\t\t\t\t<tr>\n\t\t\t\t\t<td data-label=\"\"   class=\"elementor-repeater-item-6afe14c td-content-type-default\" >1 Tag<\/td><td data-label=\"Halbtagskurse: 2 Stunden \/ Tag \n(10.00 - 12.00)\"   class=\"elementor-repeater-item-cf744bd td-content-type-default\" >95,-<\/td><td data-label=\"Ganztagskurs: 4 Stunden \/ Tag\n(10.00 - 12.00 und 13.30 - 15.30)\"   class=\"elementor-repeater-item-d8398dd td-content-type-default\" >115,-<\/td><\/tr><tr><td data-label=\"\"   class=\"elementor-repeater-item-2aa41e1 td-content-type-default\" >2 Tage<\/td><td data-label=\"Halbtagskurse: 2 Stunden \/ Tag \n(10.00 - 12.00)\"   class=\"elementor-repeater-item-9a9cd4d td-content-type-default\" >190,-<\/td><td data-label=\"Ganztagskurs: 4 Stunden \/ Tag\n(10.00 - 12.00 und 13.30 - 15.30)\"   class=\"elementor-repeater-item-faf00c9 td-content-type-default\" >230,-<\/td><\/tr><tr><td data-label=\"\"   class=\"elementor-repeater-item-3d925ab td-content-type-default\" >3 Tage<\/td><td data-label=\"Halbtagskurse: 2 Stunden \/ Tag \n(10.00 - 12.00)\"   class=\"elementor-repeater-item-eb5ef65 td-content-type-default\" >250,-<\/td><td data-label=\"Ganztagskurs: 4 Stunden \/ Tag\n(10.00 - 12.00 und 13.30 - 15.30)\"   class=\"elementor-repeater-item-f9b560b td-content-type-default\" >300,-<\/td><\/tr><tr><td data-label=\"\"   class=\"elementor-repeater-item-8d0375a td-content-type-default\" >4 Tage<\/td><td data-label=\"Halbtagskurse: 2 Stunden \/ Tag \n(10.00 - 12.00)\"   class=\"elementor-repeater-item-f7c21d0 td-content-type-default\" >275,-<\/td><td data-label=\"Ganztagskurs: 4 Stunden \/ Tag\n(10.00 - 12.00 und 13.30 - 15.30)\"   class=\"elementor-repeater-item-7543561 td-content-type-default\" >330,-<\/td><\/tr><tr><td data-label=\"\"   class=\"elementor-repeater-item-830bc00 td-content-type-default\" >5 Tage<\/td><td data-label=\"Halbtagskurse: 2 Stunden \/ Tag \n(10.00 - 12.00)\"   class=\"elementor-repeater-item-bd45da9 td-content-type-default\" >295,-<\/td><td data-label=\"Ganztagskurs: 4 Stunden \/ Tag\n(10.00 - 12.00 und 13.30 - 15.30)\"   class=\"elementor-repeater-item-16c0245 td-content-type-default\" >355,-<\/td><\/tr><tr><td data-label=\"\"   class=\"elementor-repeater-item-43aef9d td-content-type-default\" >6 Tage<\/td><td data-label=\"Halbtagskurse: 2 Stunden \/ Tag \n(10.00 - 12.00)\"   class=\"elementor-repeater-item-0e6512b td-content-type-default\" >310,-<\/td><td data-label=\"Ganztagskurs: 4 Stunden \/ Tag\n(10.00 - 12.00 und 13.30 - 15.30)\"   class=\"elementor-repeater-item-0114b89 td-content-type-default\" >375,-<\/td><\/tr><tr><td data-label=\"\"   class=\"elementor-repeater-item-ee890fc td-content-type-default\" >Verl\u00e4ngerung*<\/td><td data-label=\"Halbtagskurse: 2 Stunden \/ Tag \n(10.00 - 12.00)\"   class=\"elementor-repeater-item-03369dd td-content-type-default\" >25,-<\/td><td data-label=\"Ganztagskurs: 4 Stunden \/ Tag\n(10.00 - 12.00 und 13.30 - 15.30)\"   class=\"elementor-repeater-item-70a9b93 td-content-type-default\" >30,-<\/td>\t\t\t\t<\/tr>\n\t\t\t<\/tbody>\n\t\t<\/table>\n\t\t\n\t\t\t\t\t\t<\/div>\n\t\t\t\t<\/div>\n\t\t\t\t<div class=\"elementor-element elementor-element-cfeef3c elementor-widget elementor-widget-text-editor\" data-id=\"cfeef3c\" data-element_type=\"widget\" data-e-type=\"widget\" data-widget_type=\"text-editor.default\">\n\t\t\t\t\t\t\t\t\t<p><em style=\"font-size: 1rem;\"><span style=\"color: #000000;\"><em>*Kursverl\u00e4ngerung nach dem dritten Tag kostet \u20ac 25,- halbtags oder \u20ac 30,- ganztags. Sie zahlen die ersten drei Tage den Differenzbetrag.<br \/><\/em><em>Die Preise sind inkl. MwSt. und OHNE Liftkarte.<\/em>.<\/span><\/em><\/p>\t\t\t\t\t\t\t\t<\/div>\n\t\t\t\t\t<\/div>\n\t\t\t\t<\/div>\n\t\t<div class=\"elementor-element elementor-element-8843b30 e-flex e-con-boxed e-con e-parent\" data-id=\"8843b30\" data-element_type=\"container\" data-e-type=\"container\">\n\t\t\t\t\t<div class=\"e-con-inner\">\n\t\t<div class=\"elementor-element elementor-element-e205b6c e-con-full e-flex e-con e-child\" data-id=\"e205b6c\" data-element_type=\"container\" data-e-type=\"container\">\n\t\t\t\t<div class=\"elementor-element elementor-element-b76733b elementor-widget elementor-widget-image\" data-id=\"b76733b\" data-element_type=\"widget\" data-e-type=\"widget\" data-widget_type=\"image.default\">\n\t\t\t\t\t\t\t\t\t\t\t\t\t\t\t<img decoding=\"async\" width=\"2048\" height=\"1365\" src=\"https:\/\/www.schischule-radstadt.com\/wp-content\/uploads\/20250106_120208-2b42.jpg\" class=\"attachment-full size-full wp-image-7771\" alt=\"\" srcset=\"https:\/\/www.schischule-radstadt.com\/wp-content\/uploads\/20250106_120208-2b42.jpg 2048w, https:\/\/www.schischule-radstadt.com\/wp-content\/uploads\/20250106_120208-2b42-374x249.jpg 374w, https:\/\/www.schischule-radstadt.com\/wp-content\/uploads\/20250106_120208-2b42-800x533.jpg 800w, https:\/\/www.schischule-radstadt.com\/wp-content\/uploads\/20250106_120208-2b42-200x134.jpg 200w, https:\/\/www.schischule-radstadt.com\/wp-content\/uploads\/20250106_120208-2b42-768x512.jpg 768w, https:\/\/www.schischule-radstadt.com\/wp-content\/uploads\/20250106_120208-2b42-1536x1024.jpg 1536w, https:\/\/www.schischule-radstadt.com\/wp-content\/uploads\/20250106_120208-2b42-250x167.jpg 250w, https:\/\/www.schischule-radstadt.com\/wp-content\/uploads\/20250106_120208-2b42-600x400.jpg 600w\" sizes=\"(max-width: 2048px) 100vw, 2048px\" \/>\t\t\t\t\t\t\t\t\t\t\t\t\t\t\t<\/div>\n\t\t\t\t<div class=\"elementor-element elementor-element-d6bfaf0 elementor-widget__width-initial elementor-widget elementor-widget-heading\" data-id=\"d6bfaf0\" data-element_type=\"widget\" data-e-type=\"widget\" data-widget_type=\"heading.default\">\n\t\t\t\t\t<h4 class=\"elementor-heading-title elementor-size-default\">Erwachsenen-Skikurs halbtags<\/h4>\t\t\t\t<\/div>\n\t\t\t\t<div class=\"elementor-element elementor-element-e4d5830 elementor-widget elementor-widget-button\" data-id=\"e4d5830\" data-element_type=\"widget\" data-e-type=\"widget\" data-widget_type=\"button.default\">\n\t\t\t\t\t\t\t\t\t\t<a class=\"elementor-button elementor-button-link elementor-size-sm\" href=\"https:\/\/www.schischule-radstadt.com\/product\/skikurs-erwachsene-halbtags\/\">\n\t\t\t\t\t\t<span class=\"elementor-button-content-wrapper\">\n\t\t\t\t\t\t\t\t\t<span class=\"elementor-button-text\">Jetzt buchen<\/span>\n\t\t\t\t\t<\/span>\n\t\t\t\t\t<\/a>\n\t\t\t\t\t\t\t\t<\/div>\n\t\t\t\t<\/div>\n\t\t<div class=\"elementor-element elementor-element-7522ea8 e-con-full e-flex e-con e-child\" data-id=\"7522ea8\" data-element_type=\"container\" data-e-type=\"container\">\n\t\t\t\t<div class=\"elementor-element elementor-element-b2c8544 elementor-widget elementor-widget-image\" data-id=\"b2c8544\" data-element_type=\"widget\" data-e-type=\"widget\" data-widget_type=\"image.default\">\n\t\t\t\t\t\t\t\t\t\t\t\t\t\t\t<img loading=\"lazy\" decoding=\"async\" width=\"2048\" height=\"1365\" src=\"https:\/\/www.schischule-radstadt.com\/wp-content\/uploads\/20250106_120347-a173.jpg\" class=\"attachment-full size-full wp-image-7770\" alt=\"\" srcset=\"https:\/\/www.schischule-radstadt.com\/wp-content\/uploads\/20250106_120347-a173.jpg 2048w, https:\/\/www.schischule-radstadt.com\/wp-content\/uploads\/20250106_120347-a173-374x249.jpg 374w, https:\/\/www.schischule-radstadt.com\/wp-content\/uploads\/20250106_120347-a173-800x533.jpg 800w, https:\/\/www.schischule-radstadt.com\/wp-content\/uploads\/20250106_120347-a173-200x134.jpg 200w, https:\/\/www.schischule-radstadt.com\/wp-content\/uploads\/20250106_120347-a173-768x512.jpg 768w, https:\/\/www.schischule-radstadt.com\/wp-content\/uploads\/20250106_120347-a173-1536x1024.jpg 1536w, https:\/\/www.schischule-radstadt.com\/wp-content\/uploads\/20250106_120347-a173-250x167.jpg 250w, https:\/\/www.schischule-radstadt.com\/wp-content\/uploads\/20250106_120347-a173-600x400.jpg 600w\" sizes=\"(max-width: 2048px) 100vw, 2048px\" \/>\t\t\t\t\t\t\t\t\t\t\t\t\t\t\t<\/div>\n\t\t\t\t<div class=\"elementor-element elementor-element-78f4797 elementor-widget__width-initial elementor-widget elementor-widget-heading\" data-id=\"78f4797\" data-element_type=\"widget\" data-e-type=\"widget\" data-widget_type=\"heading.default\">\n\t\t\t\t\t<h4 class=\"elementor-heading-title elementor-size-default\">Erwachsenen-Skikurs ganztags<\/h4>\t\t\t\t<\/div>\n\t\t\t\t<div class=\"elementor-element elementor-element-ef37184 elementor-widget elementor-widget-button\" data-id=\"ef37184\" data-element_type=\"widget\" data-e-type=\"widget\" data-widget_type=\"button.default\">\n\t\t\t\t\t\t\t\t\t\t<a class=\"elementor-button elementor-button-link elementor-size-sm\" href=\"https:\/\/www.schischule-radstadt.com\/product\/skikurs-erwachsene-ganztags\/\">\n\t\t\t\t\t\t<span class=\"elementor-button-content-wrapper\">\n\t\t\t\t\t\t\t\t\t<span class=\"elementor-button-text\">Jetzt buchen<\/span>\n\t\t\t\t\t<\/span>\n\t\t\t\t\t<\/a>\n\t\t\t\t\t\t\t\t<\/div>\n\t\t\t\t<\/div>\n\t\t\t\t\t<\/div>\n\t\t\t\t<\/div>\n\t\t<div class=\"elementor-element elementor-element-91e3da5 e-con-full e-flex e-con e-parent\" data-id=\"91e3da5\" data-element_type=\"container\" data-e-type=\"container\">\n\t\t\t\t<div class=\"elementor-element elementor-element-7f3cf36 elementor-widget__width-inherit elementor-widget elementor-widget-image\" data-id=\"7f3cf36\" data-element_type=\"widget\" data-e-type=\"widget\" data-widget_type=\"image.default\">\n\t\t\t\t\t\t\t\t\t\t\t\t\t\t\t<img loading=\"lazy\" decoding=\"async\" width=\"2048\" height=\"823\" src=\"https:\/\/www.schischule-radstadt.com\/wp-content\/uploads\/20250206_182543-b685-e1757445281680.jpg\" class=\"attachment-full size-full wp-image-7750\" alt=\"\" srcset=\"https:\/\/www.schischule-radstadt.com\/wp-content\/uploads\/20250206_182543-b685-e1757445281680.jpg 2048w, https:\/\/www.schischule-radstadt.com\/wp-content\/uploads\/20250206_182543-b685-e1757445281680-421x169.jpg 421w, https:\/\/www.schischule-radstadt.com\/wp-content\/uploads\/20250206_182543-b685-e1757445281680-800x321.jpg 800w, https:\/\/www.schischule-radstadt.com\/wp-content\/uploads\/20250206_182543-b685-e1757445281680-200x80.jpg 200w, https:\/\/www.schischule-radstadt.com\/wp-content\/uploads\/20250206_182543-b685-e1757445281680-768x309.jpg 768w, https:\/\/www.schischule-radstadt.com\/wp-content\/uploads\/20250206_182543-b685-e1757445281680-1536x617.jpg 1536w, https:\/\/www.schischule-radstadt.com\/wp-content\/uploads\/20250206_182543-b685-e1757445281680-600x241.jpg 600w\" sizes=\"(max-width: 2048px) 100vw, 2048px\" \/>\t\t\t\t\t\t\t\t\t\t\t\t\t\t\t<\/div>\n\t\t\t\t<\/div>\n\t\t\t\t<\/div>\n\t\t","protected":false},"excerpt":{"rendered":"<p>Skikurse Erwachsene Die Schischule Radstadt bietet Skikurse f\u00fcr Jugendliche und Erwachsene von Anf\u00e4nger bis hin zu Fortgeschrittene. Je nach K\u00f6nnen werden Sie in die einzelnen Gruppen eingeteilt. Die ortskundigen, geschulten Skilehrer bringen Ihnen das Skifahren bei und verbessern oder perfektionieren Ihre Technik. Sie lernen, sicher auf dem Ski zu stehen und Pisten mit unterschiedlichem Schwierigkeitsgrad [&hellip;]<\/p>\n","protected":false},"author":5,"featured_media":0,"parent":871,"menu_order":12,"comment_status":"closed","ping_status":"closed","template":"","meta":{"footnotes":""},"class_list":["post-879","page","type-page","status-publish","hentry"],"jetpack_sharing_enabled":true,"_links":{"self":[{"href":"https:\/\/www.schischule-radstadt.com\/nl\/wp-json\/wp\/v2\/pages\/879","targetHints":{"allow":["GET"]}}],"collection":[{"href":"https:\/\/www.schischule-radstadt.com\/nl\/wp-json\/wp\/v2\/pages"}],"about":[{"href":"https:\/\/www.schischule-radstadt.com\/nl\/wp-json\/wp\/v2\/types\/page"}],"author":[{"embeddable":true,"href":"https:\/\/www.schischule-radstadt.com\/nl\/wp-json\/wp\/v2\/users\/5"}],"replies":[{"embeddable":true,"href":"https:\/\/www.schischule-radstadt.com\/nl\/wp-json\/wp\/v2\/comments?post=879"}],"version-history":[{"count":41,"href":"https:\/\/www.schischule-radstadt.com\/nl\/wp-json\/wp\/v2\/pages\/879\/revisions"}],"predecessor-version":[{"id":10386,"href":"https:\/\/www.schischule-radstadt.com\/nl\/wp-json\/wp\/v2\/pages\/879\/revisions\/10386"}],"up":[{"embeddable":true,"href":"https:\/\/www.schischule-radstadt.com\/nl\/wp-json\/wp\/v2\/pages\/871"}],"wp:attachment":[{"href":"https:\/\/www.schischule-radstadt.com\/nl\/wp-json\/wp\/v2\/media?parent=879"}],"curies":[{"name":"wp","href":"https:\/\/api.w.org\/{rel}","templated":true}]}}