{"id":877,"date":"2013-04-15T11:34:37","date_gmt":"2013-04-15T09:34:37","guid":{"rendered":"http:\/\/schischule-radstadt.com.w013d2fb.kasserver.com\/kurse\/individuelle-kurse\/"},"modified":"2025-11-26T10:30:14","modified_gmt":"2025-11-26T08:30:14","slug":"extra-lessen","status":"publish","type":"page","link":"https:\/\/www.schischule-radstadt.com\/nl\/kurse\/extra-lessen\/","title":{"rendered":"Extra lessen"},"content":{"rendered":"\t\t<div data-elementor-type=\"wp-page\" data-elementor-id=\"877\" class=\"elementor elementor-877 elementor-517\" data-elementor-post-type=\"page\">\n\t\t\t\t<div class=\"elementor-element elementor-element-55cb02f e-flex e-con-boxed e-con e-parent\" data-id=\"55cb02f\" data-element_type=\"container\" data-e-type=\"container\">\n\t\t\t\t\t<div class=\"e-con-inner\">\n\t\t<div class=\"elementor-element elementor-element-253e3b0 e-con-full e-flex e-con e-child\" data-id=\"253e3b0\" data-element_type=\"container\" data-e-type=\"container\">\n\t\t<div class=\"elementor-element elementor-element-acc888b e-con-full e-flex e-con e-child\" data-id=\"acc888b\" data-element_type=\"container\" data-e-type=\"container\">\n\t\t\t\t<div class=\"elementor-element elementor-element-5623397 elementor-widget elementor-widget-image\" data-id=\"5623397\" data-element_type=\"widget\" data-e-type=\"widget\" data-widget_type=\"image.default\">\n\t\t\t\t\t\t\t\t\t\t\t\t\t\t\t<img fetchpriority=\"high\" decoding=\"async\" width=\"800\" height=\"628\" src=\"https:\/\/www.schischule-radstadt.com\/wp-content\/uploads\/50612277_1167960426696508_5611412078309933056_n-800x628.jpg\" class=\"attachment-large size-large wp-image-7175\" alt=\"\" srcset=\"https:\/\/www.schischule-radstadt.com\/wp-content\/uploads\/50612277_1167960426696508_5611412078309933056_n-800x628.jpg 800w, https:\/\/www.schischule-radstadt.com\/wp-content\/uploads\/50612277_1167960426696508_5611412078309933056_n-171x134.jpg 171w, https:\/\/www.schischule-radstadt.com\/wp-content\/uploads\/50612277_1167960426696508_5611412078309933056_n-317x249.jpg 317w, https:\/\/www.schischule-radstadt.com\/wp-content\/uploads\/50612277_1167960426696508_5611412078309933056_n-768x603.jpg 768w, https:\/\/www.schischule-radstadt.com\/wp-content\/uploads\/50612277_1167960426696508_5611412078309933056_n-250x196.jpg 250w, https:\/\/www.schischule-radstadt.com\/wp-content\/uploads\/50612277_1167960426696508_5611412078309933056_n-509x400.jpg 509w, https:\/\/www.schischule-radstadt.com\/wp-content\/uploads\/50612277_1167960426696508_5611412078309933056_n.jpg 960w\" sizes=\"(max-width: 800px) 100vw, 800px\" \/>\t\t\t\t\t\t\t\t\t\t\t\t\t\t\t<\/div>\n\t\t\t\t<div class=\"elementor-element elementor-element-7e2a944 elementor-widget elementor-widget-image\" data-id=\"7e2a944\" data-element_type=\"widget\" data-e-type=\"widget\" data-widget_type=\"image.default\">\n\t\t\t\t\t\t\t\t\t\t\t\t\t\t\t<img decoding=\"async\" width=\"800\" height=\"532\" src=\"https:\/\/www.schischule-radstadt.com\/wp-content\/uploads\/langlauf-radsdtadt-tourismusverband-radstadt-lorenz-masser-800x532.webp\" class=\"attachment-large size-large wp-image-7697\" alt=\"\" srcset=\"https:\/\/www.schischule-radstadt.com\/wp-content\/uploads\/langlauf-radsdtadt-tourismusverband-radstadt-lorenz-masser-800x532.webp 800w, https:\/\/www.schischule-radstadt.com\/wp-content\/uploads\/langlauf-radsdtadt-tourismusverband-radstadt-lorenz-masser-374x249.webp 374w, https:\/\/www.schischule-radstadt.com\/wp-content\/uploads\/langlauf-radsdtadt-tourismusverband-radstadt-lorenz-masser-200x134.webp 200w, https:\/\/www.schischule-radstadt.com\/wp-content\/uploads\/langlauf-radsdtadt-tourismusverband-radstadt-lorenz-masser-768x511.webp 768w, https:\/\/www.schischule-radstadt.com\/wp-content\/uploads\/langlauf-radsdtadt-tourismusverband-radstadt-lorenz-masser-600x399.webp 600w, https:\/\/www.schischule-radstadt.com\/wp-content\/uploads\/langlauf-radsdtadt-tourismusverband-radstadt-lorenz-masser.webp 1200w\" sizes=\"(max-width: 800px) 100vw, 800px\" \/>\t\t\t\t\t\t\t\t\t\t\t\t\t\t\t<\/div>\n\t\t\t\t<\/div>\n\t\t\t\t<\/div>\n\t\t<div class=\"elementor-element elementor-element-9c290fd e-con-full e-flex e-con e-child\" data-id=\"9c290fd\" data-element_type=\"container\" data-e-type=\"container\">\n\t\t\t\t<div class=\"elementor-element elementor-element-852e5e3 elementor-widget elementor-widget-text-editor\" data-id=\"852e5e3\" data-element_type=\"widget\" data-e-type=\"widget\" data-widget_type=\"text-editor.default\">\n\t\t\t\t\t\t\t\t\t<h4><strong><span style=\"color: #0071bc;\">Speciaal aanbod<\/span><\/strong><\/h4><p><span style=\"color: #ce171e;\">Langlaufen &#8211; Skitouren\u00a0 &#8211; Gehandicapten ski\u00ebn &#8211; Sneeuwwandelen<\/span><\/p><p><span style=\"color: #000000;\">Een wintervakantie in Ski Amad\u00e9 biedt naast ski\u00ebn en snowboarden een breed scala aan alternatieve activiteiten voor elke wintersporter. Wilt u eens iets anders proberen? Neem gerust contact met ons op voor een aanbieding voor langlaufen, skitochten, aangepast ski\u00ebn of sneeuwschoenwandelen!<\/span><\/p>\t\t\t\t\t\t\t\t<\/div>\n\t\t\t\t<\/div>\n\t\t\t\t\t<\/div>\n\t\t\t\t<\/div>\n\t\t<div class=\"elementor-element elementor-element-573920e e-flex e-con-boxed e-con e-parent\" data-id=\"573920e\" data-element_type=\"container\" data-e-type=\"container\">\n\t\t\t\t\t<div class=\"e-con-inner\">\n\t\t<div class=\"elementor-element elementor-element-aa835bf e-con-full e-flex e-con e-child\" data-id=\"aa835bf\" data-element_type=\"container\" data-e-type=\"container\">\n\t\t\t\t<div class=\"elementor-element elementor-element-a6ba4fd elementor-widget elementor-widget-text-editor\" data-id=\"a6ba4fd\" data-element_type=\"widget\" data-e-type=\"widget\" data-widget_type=\"text-editor.default\">\n\t\t\t\t\t\t\t\t\t<h4 style=\"text-align: center;\"><span style=\"color: #0071bc;\">Langlaufen<\/span><\/h4>\n<p><span style=\"color: #000000;\">Beleef de natuur op langlaufski&#8217;s! Of je nu klassiek of skatingski\u00ebnd bent \u2013 een priv\u00e9leraar helpt je de juiste techniek onder de knie te krijgen en brengt je het plezier van bewegen bij. Diagonale passen met stokgebruik, afdalingen, bochten maken en remmen horen allemaal bij het programma.<\/span><\/p>\n<p><span style=\"color: #000000;\">De start van de piste bevindt zich direct naast onze skischool.<\/span><\/p>\n<p><br><\/p>\t\t\t\t\t\t\t\t<\/div>\n\t\t\t\t<\/div>\n\t\t<div class=\"elementor-element elementor-element-438ad37 e-con-full e-flex e-con e-child\" data-id=\"438ad37\" data-element_type=\"container\" data-e-type=\"container\">\n\t\t\t\t<div class=\"elementor-element elementor-element-d81cd08 elementor-widget elementor-widget-text-editor\" data-id=\"d81cd08\" data-element_type=\"widget\" data-e-type=\"widget\" data-widget_type=\"text-editor.default\">\n\t\t\t\t\t\t\t\t\t<h4 style=\"text-align: center;\"><span style=\"color: #0071bc;\">Gehandicapten ski\u00ebn<\/span><\/h4><p><span style=\"color: #000000;\">Skilessen voor mensen met een beperking.<\/span><\/p><p><span style=\"color: #000000;\">Wij bieden speciaal opgeleide skileraren voor ski\u00ebn met een beperking, afgestemd op individuele behoeften.<\/span><\/p><p><span style=\"color: #000000;\">Wij bieden speciaal opgeleide skileraren voor mensen met een beperking, omdat niemand benadeeld mag worden. Daarom pleiten wij voor gelijke deelname van iedereen op de piste. Ongeacht de aard en ernst van de beperking, staat niets wintersport in de weg. Wij verzoeken u vriendelijk om u vooraf in te schrijven, zodat we u zo goed mogelijk kunnen ondersteunen.<\/span><\/p>\t\t\t\t\t\t\t\t<\/div>\n\t\t\t\t<\/div>\n\t\t\t\t\t<\/div>\n\t\t\t\t<\/div>\n\t\t<div class=\"elementor-element elementor-element-7eaf30d e-flex e-con-boxed e-con e-parent\" data-id=\"7eaf30d\" data-element_type=\"container\" data-e-type=\"container\">\n\t\t\t\t\t<div class=\"e-con-inner\">\n\t\t\t\t<div class=\"elementor-element elementor-element-5ab7c74 elementor-widget elementor-widget-text-editor\" data-id=\"5ab7c74\" data-element_type=\"widget\" data-e-type=\"widget\" data-widget_type=\"text-editor.default\">\n\t\t\t\t\t\t\t\t\t<h4><span style=\"color: #0071bc;\">Aanvraagformulier voor speciale lessen:<\/span><\/h4>\t\t\t\t\t\t\t\t<\/div>\n\t\t\t\t<div class=\"elementor-element elementor-element-7dfda35 elementor-button-align-stretch elementor-widget elementor-widget-form\" data-id=\"7dfda35\" data-element_type=\"widget\" data-e-type=\"widget\" data-settings=\"{&quot;button_width&quot;:&quot;20&quot;,&quot;step_next_label&quot;:&quot;N\\u00e4chster&quot;,&quot;step_previous_label&quot;:&quot;Voriger&quot;,&quot;step_type&quot;:&quot;number_text&quot;,&quot;step_icon_shape&quot;:&quot;circle&quot;}\" data-widget_type=\"form.default\">\n\t\t\t\t\t\t\t<form class=\"elementor-form\" method=\"post\" name=\"Anfrage Sonderangebot\" aria-label=\"Anfrage Sonderangebot\">\n\t\t\t<input type=\"hidden\" name=\"post_id\" value=\"877\"\/>\n\t\t\t<input type=\"hidden\" name=\"form_id\" value=\"7dfda35\"\/>\n\t\t\t<input type=\"hidden\" name=\"referer_title\" value=\"Extra lessen\" \/>\n\n\t\t\t\t\t\t\t<input type=\"hidden\" name=\"queried_id\" value=\"877\"\/>\n\t\t\t\n\t\t\t<div class=\"elementor-form-fields-wrapper elementor-labels-above\">\n\t\t\t\t\t\t\t\t<div class=\"elementor-field-type-text elementor-field-group elementor-column elementor-field-group-Name elementor-col-100\">\n\t\t\t\t\t\t\t\t\t\t\t\t<label for=\"form-field-Name\" class=\"elementor-field-label\">\n\t\t\t\t\t\t\t\tNaam\t\t\t\t\t\t\t<\/label>\n\t\t\t\t\t\t\t\t\t\t\t\t\t\t<input size=\"1\" type=\"text\" name=\"form_fields[Name]\" id=\"form-field-Name\" class=\"elementor-field elementor-size-sm  elementor-field-textual\" placeholder=\"Naam\">\n\t\t\t\t\t\t\t\t\t\t\t<\/div>\n\t\t\t\t\t\t\t\t<div class=\"elementor-field-type-email elementor-field-group elementor-column elementor-field-group-email elementor-col-100 elementor-field-required\">\n\t\t\t\t\t\t\t\t\t\t\t\t<label for=\"form-field-email\" class=\"elementor-field-label\">\n\t\t\t\t\t\t\t\tE-Mail\t\t\t\t\t\t\t<\/label>\n\t\t\t\t\t\t\t\t\t\t\t\t\t\t<input size=\"1\" type=\"email\" name=\"form_fields[email]\" id=\"form-field-email\" class=\"elementor-field elementor-size-sm  elementor-field-textual\" placeholder=\"E-Mail\" required=\"required\">\n\t\t\t\t\t\t\t\t\t\t\t<\/div>\n\t\t\t\t\t\t\t\t<div class=\"elementor-field-type-textarea elementor-field-group elementor-column elementor-field-group-message elementor-col-100\">\n\t\t\t\t\t\t\t\t\t\t\t\t<label for=\"form-field-message\" class=\"elementor-field-label\">\n\t\t\t\t\t\t\t\tAanvraag\t\t\t\t\t\t\t<\/label>\n\t\t\t\t\t\t<textarea class=\"elementor-field-textual elementor-field  elementor-size-sm\" name=\"form_fields[message]\" id=\"form-field-message\" rows=\"4\" placeholder=\"Aanvraag\"><\/textarea>\t\t\t\t<\/div>\n\t\t\t\t\t\t\t\t<div class=\"elementor-field-type-text\">\n\t\t\t\t\t<input size=\"1\" type=\"text\" name=\"form_fields[field_b81336a]\" id=\"form-field-field_b81336a\" class=\"elementor-field elementor-size-sm \" style=\"display:none !important;\">\t\t\t\t<\/div>\n\t\t\t\t\t\t\t\t<div class=\"elementor-field-type-text\">\n\t\t\t\t\t<input size=\"1\" type=\"text\" name=\"form_fields[field_2aa1f16]\" id=\"form-field-field_2aa1f16\" class=\"elementor-field elementor-size-sm \" style=\"display:none !important;\">\t\t\t\t<\/div>\n\t\t\t\t\t\t\t\t<div class=\"elementor-field-type-text\">\n\t\t\t\t\t<input size=\"1\" type=\"text\" name=\"form_fields[field_4cadd7b]\" id=\"form-field-field_4cadd7b\" class=\"elementor-field elementor-size-sm \" style=\"display:none !important;\">\t\t\t\t<\/div>\n\t\t\t\t\t\t\t\t<div class=\"elementor-field-type-text\">\n\t\t\t\t\t<input size=\"1\" type=\"text\" name=\"form_fields[field_4c90365]\" id=\"form-field-field_4c90365\" class=\"elementor-field elementor-size-sm \" style=\"display:none !important;\">\t\t\t\t<\/div>\n\t\t\t\t\t\t\t\t<div class=\"elementor-field-type-text\">\n\t\t\t\t\t<input size=\"1\" type=\"text\" name=\"form_fields[field_5300a4a]\" id=\"form-field-field_5300a4a\" class=\"elementor-field elementor-size-sm \" style=\"display:none !important;\">\t\t\t\t<\/div>\n\t\t\t\t\t\t\t\t<div class=\"elementor-field-type-text\">\n\t\t\t\t\t<input size=\"1\" type=\"text\" name=\"form_fields[field_564fa49]\" id=\"form-field-field_564fa49\" class=\"elementor-field elementor-size-sm \" style=\"display:none !important;\">\t\t\t\t<\/div>\n\t\t\t\t\t\t\t\t<div class=\"elementor-field-group elementor-column elementor-field-type-submit elementor-col-20 e-form__buttons\">\n\t\t\t\t\t<button class=\"elementor-button elementor-size-sm\" type=\"submit\">\n\t\t\t\t\t\t<span class=\"elementor-button-content-wrapper\">\n\t\t\t\t\t\t\t\t\t\t\t\t\t\t\t\t\t\t\t\t\t\t<span class=\"elementor-button-text\">Verzenden<\/span>\n\t\t\t\t\t\t\t\t\t\t\t\t\t<\/span>\n\t\t\t\t\t<\/button>\n\t\t\t\t<\/div>\n\t\t\t<\/div>\n\t\t<\/form>\n\t\t\t\t\t\t<\/div>\n\t\t\t\t\t<\/div>\n\t\t\t\t<\/div>\n\t\t<div class=\"elementor-element elementor-element-a48c1aa e-con-full e-flex e-con e-parent\" data-id=\"a48c1aa\" data-element_type=\"container\" data-e-type=\"container\">\n\t\t\t\t<div class=\"elementor-element elementor-element-80affab elementor-widget elementor-widget-image\" data-id=\"80affab\" data-element_type=\"widget\" data-e-type=\"widget\" data-widget_type=\"image.default\">\n\t\t\t\t\t\t\t\t\t\t\t\t\t\t\t<img decoding=\"async\" width=\"2048\" height=\"990\" src=\"https:\/\/www.schischule-radstadt.com\/wp-content\/uploads\/20250106_115847-99a5-e1757497076570.jpg\" class=\"attachment-full size-full wp-image-7698\" alt=\"\" srcset=\"https:\/\/www.schischule-radstadt.com\/wp-content\/uploads\/20250106_115847-99a5-e1757497076570.jpg 2048w, https:\/\/www.schischule-radstadt.com\/wp-content\/uploads\/20250106_115847-99a5-e1757497076570-421x204.jpg 421w, https:\/\/www.schischule-radstadt.com\/wp-content\/uploads\/20250106_115847-99a5-e1757497076570-800x387.jpg 800w, https:\/\/www.schischule-radstadt.com\/wp-content\/uploads\/20250106_115847-99a5-e1757497076570-200x97.jpg 200w, https:\/\/www.schischule-radstadt.com\/wp-content\/uploads\/20250106_115847-99a5-e1757497076570-768x371.jpg 768w, https:\/\/www.schischule-radstadt.com\/wp-content\/uploads\/20250106_115847-99a5-e1757497076570-1536x743.jpg 1536w, https:\/\/www.schischule-radstadt.com\/wp-content\/uploads\/20250106_115847-99a5-e1757497076570-600x290.jpg 600w\" sizes=\"(max-width: 2048px) 100vw, 2048px\" \/>\t\t\t\t\t\t\t\t\t\t\t\t\t\t\t<\/div>\n\t\t\t\t<\/div>\n\t\t\t\t<\/div>\n\t\t","protected":false},"excerpt":{"rendered":"<p>Speciaal aanbod Langlaufen &#8211; Skitouren\u00a0 &#8211; Gehandicapten ski\u00ebn &#8211; Sneeuwwandelen Een wintervakantie in Ski Amad\u00e9 biedt naast ski\u00ebn en snowboarden een breed scala aan alternatieve activiteiten voor elke wintersporter. Wilt u eens iets anders proberen? Neem gerust contact met ons op voor een aanbieding voor langlaufen, skitochten, aangepast ski\u00ebn of sneeuwschoenwandelen! Langlaufen Beleef de natuur [&hellip;]<\/p>\n","protected":false},"author":5,"featured_media":0,"parent":871,"menu_order":9,"comment_status":"closed","ping_status":"closed","template":"","meta":{"footnotes":""},"class_list":["post-877","page","type-page","status-publish","hentry"],"jetpack_sharing_enabled":true,"_links":{"self":[{"href":"https:\/\/www.schischule-radstadt.com\/nl\/wp-json\/wp\/v2\/pages\/877","targetHints":{"allow":["GET"]}}],"collection":[{"href":"https:\/\/www.schischule-radstadt.com\/nl\/wp-json\/wp\/v2\/pages"}],"about":[{"href":"https:\/\/www.schischule-radstadt.com\/nl\/wp-json\/wp\/v2\/types\/page"}],"author":[{"embeddable":true,"href":"https:\/\/www.schischule-radstadt.com\/nl\/wp-json\/wp\/v2\/users\/5"}],"replies":[{"embeddable":true,"href":"https:\/\/www.schischule-radstadt.com\/nl\/wp-json\/wp\/v2\/comments?post=877"}],"version-history":[{"count":13,"href":"https:\/\/www.schischule-radstadt.com\/nl\/wp-json\/wp\/v2\/pages\/877\/revisions"}],"predecessor-version":[{"id":9433,"href":"https:\/\/www.schischule-radstadt.com\/nl\/wp-json\/wp\/v2\/pages\/877\/revisions\/9433"}],"up":[{"embeddable":true,"href":"https:\/\/www.schischule-radstadt.com\/nl\/wp-json\/wp\/v2\/pages\/871"}],"wp:attachment":[{"href":"https:\/\/www.schischule-radstadt.com\/nl\/wp-json\/wp\/v2\/media?parent=877"}],"curies":[{"name":"wp","href":"https:\/\/api.w.org\/{rel}","templated":true}]}}