{"id":875,"date":"2013-04-11T13:43:12","date_gmt":"2013-04-11T11:43:12","guid":{"rendered":"http:\/\/schischule-radstadt.com.w013d2fb.kasserver.com\/kurse\/snowboardkurse\/"},"modified":"2026-01-10T10:01:59","modified_gmt":"2026-01-10T08:01:59","slug":"snowboardkurse","status":"publish","type":"page","link":"https:\/\/www.schischule-radstadt.com\/nl\/kurse\/snowboardkurse\/","title":{"rendered":"Snowboardkurse"},"content":{"rendered":"\t\t<div data-elementor-type=\"wp-page\" data-elementor-id=\"875\" class=\"elementor elementor-875 elementor-227\" data-elementor-post-type=\"page\">\n\t\t\t\t<div class=\"elementor-element elementor-element-bc164bb e-flex e-con-boxed e-con e-parent\" data-id=\"bc164bb\" data-element_type=\"container\" data-e-type=\"container\">\n\t\t\t\t\t<div class=\"e-con-inner\">\n\t\t<div class=\"elementor-element elementor-element-5832948 e-con-full e-flex e-con e-child\" data-id=\"5832948\" data-element_type=\"container\" data-e-type=\"container\">\n\t\t\t\t<div class=\"elementor-element elementor-element-928a9d6 elementor-widget elementor-widget-image\" data-id=\"928a9d6\" data-element_type=\"widget\" data-e-type=\"widget\" data-widget_type=\"image.default\">\n\t\t\t\t\t\t\t\t\t\t\t\t\t\t\t<img fetchpriority=\"high\" decoding=\"async\" width=\"800\" height=\"533\" src=\"https:\/\/www.schischule-radstadt.com\/wp-content\/uploads\/20250223_175133-537f-800x533.jpg\" class=\"attachment-large size-large wp-image-7185\" alt=\"\" srcset=\"https:\/\/www.schischule-radstadt.com\/wp-content\/uploads\/20250223_175133-537f-800x533.jpg 800w, https:\/\/www.schischule-radstadt.com\/wp-content\/uploads\/20250223_175133-537f-374x249.jpg 374w, https:\/\/www.schischule-radstadt.com\/wp-content\/uploads\/20250223_175133-537f-200x134.jpg 200w, https:\/\/www.schischule-radstadt.com\/wp-content\/uploads\/20250223_175133-537f-768x512.jpg 768w, https:\/\/www.schischule-radstadt.com\/wp-content\/uploads\/20250223_175133-537f-1536x1024.jpg 1536w, https:\/\/www.schischule-radstadt.com\/wp-content\/uploads\/20250223_175133-537f-600x400.jpg 600w, https:\/\/www.schischule-radstadt.com\/wp-content\/uploads\/20250223_175133-537f.jpg 2048w\" sizes=\"(max-width: 800px) 100vw, 800px\" \/>\t\t\t\t\t\t\t\t\t\t\t\t\t\t\t<\/div>\n\t\t<div class=\"elementor-element elementor-element-a70d148 e-con-full e-flex e-con e-child\" data-id=\"a70d148\" data-element_type=\"container\" data-e-type=\"container\">\n\t\t\t\t<div class=\"elementor-element elementor-element-2e63e71 elementor-widget elementor-widget-image\" data-id=\"2e63e71\" data-element_type=\"widget\" data-e-type=\"widget\" data-widget_type=\"image.default\">\n\t\t\t\t\t\t\t\t\t\t\t\t\t\t\t<img decoding=\"async\" width=\"800\" height=\"533\" src=\"https:\/\/www.schischule-radstadt.com\/wp-content\/uploads\/20250106_120020-84fd-800x533.webp\" class=\"attachment-large size-large wp-image-7618\" alt=\"\" srcset=\"https:\/\/www.schischule-radstadt.com\/wp-content\/uploads\/20250106_120020-84fd-800x533.webp 800w, https:\/\/www.schischule-radstadt.com\/wp-content\/uploads\/20250106_120020-84fd-374x249.webp 374w, https:\/\/www.schischule-radstadt.com\/wp-content\/uploads\/20250106_120020-84fd-200x134.webp 200w, https:\/\/www.schischule-radstadt.com\/wp-content\/uploads\/20250106_120020-84fd-768x512.webp 768w, https:\/\/www.schischule-radstadt.com\/wp-content\/uploads\/20250106_120020-84fd-1536x1024.webp 1536w, https:\/\/www.schischule-radstadt.com\/wp-content\/uploads\/20250106_120020-84fd-600x400.webp 600w, https:\/\/www.schischule-radstadt.com\/wp-content\/uploads\/20250106_120020-84fd.webp 1920w\" sizes=\"(max-width: 800px) 100vw, 800px\" \/>\t\t\t\t\t\t\t\t\t\t\t\t\t\t\t<\/div>\n\t\t\t\t<\/div>\n\t\t\t\t<\/div>\n\t\t<div class=\"elementor-element elementor-element-45a8a54 e-con-full e-flex e-con e-child\" data-id=\"45a8a54\" data-element_type=\"container\" data-e-type=\"container\">\n\t\t\t\t<div class=\"elementor-element elementor-element-f5d649a elementor-widget elementor-widget-text-editor\" data-id=\"f5d649a\" data-element_type=\"widget\" data-e-type=\"widget\" data-widget_type=\"text-editor.default\">\n\t\t\t\t\t\t\t\t\t<h3><span style=\"color: #0071bc;\">Snowboardkurse in Radstadt<\/span><\/h3><p><span style=\"color: #000000;\">Lernen Sie das Gef\u00fchl der Freiheit kennen. Die &#8220;Roten Profis&#8221; bringen Ihnen oder Ihren Kindern das Snowboarden bei. Angeboten werden Unterrichtsstunden f\u00fcr Anf\u00e4nger und Fortgeschrittene. Gepr\u00fcfte Snowboardlehrer zeigen coole Tricks, Jumps, Rides und das Gliden. Freestyle-Kurse sind auf Anfrage und gegen Voranmeldung m\u00f6glich.<\/span><\/p><p><span style=\"color: #000000;\">Top ausgebildete und erfahrene Snowboardlehrer bringen Ihnen den richtigen &#8220;Drive&#8221; bei. Sowohl Neueinsteiger, als auch Profis auf dem Board, lernen gerne etwas Neues. Es ist ein riesen Spa\u00df, die Pisten hinunterzukurven oder seine Spur im Tiefschnee zu ziehen.<\/span><\/p>\t\t\t\t\t\t\t\t<\/div>\n\t\t\t\t<\/div>\n\t\t\t\t\t<\/div>\n\t\t\t\t<\/div>\n\t\t<div class=\"elementor-element elementor-element-f757773 e-flex e-con-boxed e-con e-parent\" data-id=\"f757773\" data-element_type=\"container\" data-e-type=\"container\">\n\t\t\t\t\t<div class=\"e-con-inner\">\n\t\t<div class=\"elementor-element elementor-element-5f71199 e-con-full e-flex e-con e-child\" data-id=\"5f71199\" data-element_type=\"container\" data-e-type=\"container\">\n\t\t<div class=\"elementor-element elementor-element-51cd207 e-con-full e-flex e-con e-child\" data-id=\"51cd207\" data-element_type=\"container\" data-e-type=\"container\">\n\t\t\t\t<div class=\"elementor-element elementor-element-6d04707 elementor-widget elementor-widget-heading\" data-id=\"6d04707\" data-element_type=\"widget\" data-e-type=\"widget\" data-widget_type=\"heading.default\">\n\t\t\t\t\t<h4 class=\"elementor-heading-title elementor-size-default\">Preise &amp; Kurszeiten 2025\/2026<\/h4>\t\t\t\t<\/div>\n\t\t\t\t<div class=\"elementor-element elementor-element-acee9d4 elementor-widget__width-inherit elementor-widget elementor-widget-Table\" data-id=\"acee9d4\" data-element_type=\"widget\" data-e-type=\"widget\" data-widget_type=\"Table.default\">\n\t\t\t\t<div class=\"elementor-widget-container\">\n\t\t\t\t\t\t\t<table class=\"tafe-table \">\n\t\t\t<thead  class=\"tafe-table-header\">\n\t\t\t\t<tr>\n\t\t\t\t\t<th class=\"elementor-inline-editing elementor-repeater-item-f6e09a0\"   >Snowboardkurse<\/th><th class=\"elementor-inline-editing elementor-repeater-item-09f196a\"   >2 Stunden (10.00 - 12.00)<\/th><th class=\"elementor-inline-editing elementor-repeater-item-b3da37a\"   >4 Stunden (10.00 - 12.00 &amp; 13.30 - 15.30)<\/th>\t\t\t\t<\/tr>\n\t\t\t<\/thead>\n\t\t\t\t\t\t<tbody class=\"tafe-table-body\">\n\t\t\t\t<tr>\n\t\t\t\t\t<td data-label=\"Snowboardkurse\"   class=\"elementor-repeater-item-f4324c1 td-content-type-default\" >1 Tag<\/td><td data-label=\"2 Stunden (10.00 - 12.00)\"   class=\"elementor-repeater-item-5728755 td-content-type-default\" >\u20ac95,-<\/td><td data-label=\"4 Stunden (10.00 - 12.00 &amp; 13.30 - 15.30)\"   class=\"elementor-repeater-item-b1e0481 td-content-type-default\" >\u20ac115,-<\/td><\/tr><tr><td data-label=\"Snowboardkurse\"   class=\"elementor-repeater-item-9579cb8 td-content-type-default\" >2 Tage<\/td><td data-label=\"2 Stunden (10.00 - 12.00)\"   class=\"elementor-repeater-item-7746ebd td-content-type-default\" >\u20ac190,-<\/td><td data-label=\"4 Stunden (10.00 - 12.00 &amp; 13.30 - 15.30)\"   class=\"elementor-repeater-item-97f286e td-content-type-default\" >\u20ac230,-<\/td><\/tr><tr><td data-label=\"Snowboardkurse\"   class=\"elementor-repeater-item-735e9d2 td-content-type-default\" >3 Tage<\/td><td data-label=\"2 Stunden (10.00 - 12.00)\"   class=\"elementor-repeater-item-cbb14c5 td-content-type-default\" >\u20ac250,-<\/td><td data-label=\"4 Stunden (10.00 - 12.00 &amp; 13.30 - 15.30)\"   class=\"elementor-repeater-item-a7a64e3 td-content-type-default\" >\u20ac300,-<\/td><\/tr><tr><td data-label=\"Snowboardkurse\"   class=\"elementor-repeater-item-12b2081 td-content-type-default\" >4 Tage<\/td><td data-label=\"2 Stunden (10.00 - 12.00)\"   class=\"elementor-repeater-item-d894282 td-content-type-default\" >\u20ac275,-<\/td><td data-label=\"4 Stunden (10.00 - 12.00 &amp; 13.30 - 15.30)\"   class=\"elementor-repeater-item-08d8858 td-content-type-default\" >\u20ac330,-<\/td><\/tr><tr><td data-label=\"Snowboardkurse\"   class=\"elementor-repeater-item-44ea092 td-content-type-default\" >5 Tage<\/td><td data-label=\"2 Stunden (10.00 - 12.00)\"   class=\"elementor-repeater-item-089b4e8 td-content-type-default\" >\u20ac295,-<\/td><td data-label=\"4 Stunden (10.00 - 12.00 &amp; 13.30 - 15.30)\"   class=\"elementor-repeater-item-78ce466 td-content-type-default\" >\u20ac355,-<\/td><\/tr><tr><td data-label=\"Snowboardkurse\"   class=\"elementor-repeater-item-03734ee td-content-type-default\" >6 Tage<\/td><td data-label=\"2 Stunden (10.00 - 12.00)\"   class=\"elementor-repeater-item-f364d11 td-content-type-default\" >\u20ac310,-<\/td><td data-label=\"4 Stunden (10.00 - 12.00 &amp; 13.30 - 15.30)\"   class=\"elementor-repeater-item-22dcd7a td-content-type-default\" >\u20ac375,-<\/td>\t\t\t\t<\/tr>\n\t\t\t<\/tbody>\n\t\t<\/table>\n\t\t\n\t\t\t\t\t\t<\/div>\n\t\t\t\t<\/div>\n\t\t\t\t<div class=\"elementor-element elementor-element-b995fb5 elementor-widget elementor-widget-text-editor\" data-id=\"b995fb5\" data-element_type=\"widget\" data-e-type=\"widget\" data-widget_type=\"text-editor.default\">\n\t\t\t\t\t\t\t\t\t<p><em><span style=\"color: #000000;\">Die Preise sind inkl. MwSt. und OHNE Liftkarte.<\/span><\/em><\/p>\t\t\t\t\t\t\t\t<\/div>\n\t\t\t\t<\/div>\n\t\t\t\t<\/div>\n\t\t\t\t\t<\/div>\n\t\t\t\t<\/div>\n\t\t<div class=\"elementor-element elementor-element-4a39ce1 e-flex e-con-boxed e-con e-parent\" data-id=\"4a39ce1\" data-element_type=\"container\" data-e-type=\"container\">\n\t\t\t\t\t<div class=\"e-con-inner\">\n\t\t<div class=\"elementor-element elementor-element-ed25082 e-con-full e-flex e-con e-child\" data-id=\"ed25082\" data-element_type=\"container\" data-e-type=\"container\">\n\t\t\t\t<div class=\"elementor-element elementor-element-69b1779 elementor-widget elementor-widget-image\" data-id=\"69b1779\" data-element_type=\"widget\" data-e-type=\"widget\" data-widget_type=\"image.default\">\n\t\t\t\t\t\t\t\t\t\t\t\t\t\t\t<img decoding=\"async\" width=\"1920\" height=\"1280\" src=\"https:\/\/www.schischule-radstadt.com\/wp-content\/uploads\/20250223_175111-d78c.webp\" class=\"attachment-full size-full wp-image-7816\" alt=\"\" srcset=\"https:\/\/www.schischule-radstadt.com\/wp-content\/uploads\/20250223_175111-d78c.webp 1920w, https:\/\/www.schischule-radstadt.com\/wp-content\/uploads\/20250223_175111-d78c-374x249.jpg 374w, https:\/\/www.schischule-radstadt.com\/wp-content\/uploads\/20250223_175111-d78c-800x533.jpg 800w, https:\/\/www.schischule-radstadt.com\/wp-content\/uploads\/20250223_175111-d78c-200x134.jpg 200w, https:\/\/www.schischule-radstadt.com\/wp-content\/uploads\/20250223_175111-d78c-768x512.jpg 768w, https:\/\/www.schischule-radstadt.com\/wp-content\/uploads\/20250223_175111-d78c-1536x1024.jpg 1536w, https:\/\/www.schischule-radstadt.com\/wp-content\/uploads\/20250223_175111-d78c-600x400.jpg 600w\" sizes=\"(max-width: 1920px) 100vw, 1920px\" \/>\t\t\t\t\t\t\t\t\t\t\t\t\t\t\t<\/div>\n\t\t\t\t<div class=\"elementor-element elementor-element-5eada9b elementor-widget__width-initial elementor-widget elementor-widget-heading\" data-id=\"5eada9b\" data-element_type=\"widget\" data-e-type=\"widget\" data-widget_type=\"heading.default\">\n\t\t\t\t\t<h4 class=\"elementor-heading-title elementor-size-default\">Snowboardkurs halbtags<\/h4>\t\t\t\t<\/div>\n\t\t\t\t<div class=\"elementor-element elementor-element-4fc9aaf elementor-widget elementor-widget-button\" data-id=\"4fc9aaf\" data-element_type=\"widget\" data-e-type=\"widget\" data-widget_type=\"button.default\">\n\t\t\t\t\t\t\t\t\t\t<a class=\"elementor-button elementor-button-link elementor-size-sm\" href=\"https:\/\/www.schischule-radstadt.com\/product\/snowboardkurs-halbtags\/\">\n\t\t\t\t\t\t<span class=\"elementor-button-content-wrapper\">\n\t\t\t\t\t\t\t\t\t<span class=\"elementor-button-text\">Jetzt buchen<\/span>\n\t\t\t\t\t<\/span>\n\t\t\t\t\t<\/a>\n\t\t\t\t\t\t\t\t<\/div>\n\t\t\t\t<\/div>\n\t\t<div class=\"elementor-element elementor-element-458abca e-con-full e-flex e-con e-child\" data-id=\"458abca\" data-element_type=\"container\" data-e-type=\"container\">\n\t\t\t\t<div class=\"elementor-element elementor-element-615986d elementor-widget elementor-widget-image\" data-id=\"615986d\" data-element_type=\"widget\" data-e-type=\"widget\" data-widget_type=\"image.default\">\n\t\t\t\t\t\t\t\t\t\t\t\t\t\t\t<img loading=\"lazy\" decoding=\"async\" width=\"2048\" height=\"1365\" src=\"https:\/\/www.schischule-radstadt.com\/wp-content\/uploads\/20250218_193003-c428-1.jpg\" class=\"attachment-full size-full wp-image-8593\" alt=\"\" srcset=\"https:\/\/www.schischule-radstadt.com\/wp-content\/uploads\/20250218_193003-c428-1.jpg 2048w, https:\/\/www.schischule-radstadt.com\/wp-content\/uploads\/20250218_193003-c428-1-374x249.jpg 374w, https:\/\/www.schischule-radstadt.com\/wp-content\/uploads\/20250218_193003-c428-1-800x533.jpg 800w, https:\/\/www.schischule-radstadt.com\/wp-content\/uploads\/20250218_193003-c428-1-200x134.jpg 200w, https:\/\/www.schischule-radstadt.com\/wp-content\/uploads\/20250218_193003-c428-1-768x512.jpg 768w, https:\/\/www.schischule-radstadt.com\/wp-content\/uploads\/20250218_193003-c428-1-1536x1024.jpg 1536w, https:\/\/www.schischule-radstadt.com\/wp-content\/uploads\/20250218_193003-c428-1-600x400.jpg 600w\" sizes=\"(max-width: 2048px) 100vw, 2048px\" \/>\t\t\t\t\t\t\t\t\t\t\t\t\t\t\t<\/div>\n\t\t\t\t<div class=\"elementor-element elementor-element-f24c79a elementor-widget__width-initial elementor-widget elementor-widget-heading\" data-id=\"f24c79a\" data-element_type=\"widget\" data-e-type=\"widget\" data-widget_type=\"heading.default\">\n\t\t\t\t\t<h4 class=\"elementor-heading-title elementor-size-default\">Snowboardkurs ganztags<\/h4>\t\t\t\t<\/div>\n\t\t\t\t<div class=\"elementor-element elementor-element-c9c70eb elementor-widget elementor-widget-button\" data-id=\"c9c70eb\" data-element_type=\"widget\" data-e-type=\"widget\" data-widget_type=\"button.default\">\n\t\t\t\t\t\t\t\t\t\t<a class=\"elementor-button elementor-button-link elementor-size-sm\" href=\"https:\/\/www.schischule-radstadt.com\/product\/snowboardkurs-ganztags\/\">\n\t\t\t\t\t\t<span class=\"elementor-button-content-wrapper\">\n\t\t\t\t\t\t\t\t\t<span class=\"elementor-button-text\">Jetzt buchen<\/span>\n\t\t\t\t\t<\/span>\n\t\t\t\t\t<\/a>\n\t\t\t\t\t\t\t\t<\/div>\n\t\t\t\t<\/div>\n\t\t\t\t\t<\/div>\n\t\t\t\t<\/div>\n\t\t<div class=\"elementor-element elementor-element-ab841c1 e-con-full e-flex e-con e-parent\" data-id=\"ab841c1\" data-element_type=\"container\" data-e-type=\"container\">\n\t\t\t\t<div class=\"elementor-element elementor-element-8c7ead6 elementor-widget elementor-widget-image\" data-id=\"8c7ead6\" data-element_type=\"widget\" data-e-type=\"widget\" data-widget_type=\"image.default\">\n\t\t\t\t\t\t\t\t\t\t\t\t\t\t\t<img loading=\"lazy\" decoding=\"async\" width=\"1920\" height=\"678\" src=\"https:\/\/www.schischule-radstadt.com\/wp-content\/uploads\/20250206_182624-cb78-e1757430126395.webp\" class=\"attachment-full size-full wp-image-7609\" alt=\"\" srcset=\"https:\/\/www.schischule-radstadt.com\/wp-content\/uploads\/20250206_182624-cb78-e1757430126395.webp 1920w, https:\/\/www.schischule-radstadt.com\/wp-content\/uploads\/20250206_182624-cb78-e1757430126395-421x149.webp 421w, https:\/\/www.schischule-radstadt.com\/wp-content\/uploads\/20250206_182624-cb78-e1757430126395-800x283.webp 800w, https:\/\/www.schischule-radstadt.com\/wp-content\/uploads\/20250206_182624-cb78-e1757430126395-200x71.webp 200w, https:\/\/www.schischule-radstadt.com\/wp-content\/uploads\/20250206_182624-cb78-e1757430126395-768x271.webp 768w, https:\/\/www.schischule-radstadt.com\/wp-content\/uploads\/20250206_182624-cb78-e1757430126395-1536x542.webp 1536w, https:\/\/www.schischule-radstadt.com\/wp-content\/uploads\/20250206_182624-cb78-e1757430126395-600x212.webp 600w\" sizes=\"(max-width: 1920px) 100vw, 1920px\" \/>\t\t\t\t\t\t\t\t\t\t\t\t\t\t\t<\/div>\n\t\t\t\t<\/div>\n\t\t\t\t<\/div>\n\t\t","protected":false},"excerpt":{"rendered":"<p>Snowboardkurse in Radstadt Lernen Sie das Gef\u00fchl der Freiheit kennen. Die &#8220;Roten Profis&#8221; bringen Ihnen oder Ihren Kindern das Snowboarden bei. Angeboten werden Unterrichtsstunden f\u00fcr Anf\u00e4nger und Fortgeschrittene. Gepr\u00fcfte Snowboardlehrer zeigen coole Tricks, Jumps, Rides und das Gliden. Freestyle-Kurse sind auf Anfrage und gegen Voranmeldung m\u00f6glich. Top ausgebildete und erfahrene Snowboardlehrer bringen Ihnen den richtigen [&hellip;]<\/p>\n","protected":false},"author":5,"featured_media":0,"parent":871,"menu_order":8,"comment_status":"closed","ping_status":"closed","template":"","meta":{"footnotes":""},"class_list":["post-875","page","type-page","status-publish","hentry"],"jetpack_sharing_enabled":true,"_links":{"self":[{"href":"https:\/\/www.schischule-radstadt.com\/nl\/wp-json\/wp\/v2\/pages\/875","targetHints":{"allow":["GET"]}}],"collection":[{"href":"https:\/\/www.schischule-radstadt.com\/nl\/wp-json\/wp\/v2\/pages"}],"about":[{"href":"https:\/\/www.schischule-radstadt.com\/nl\/wp-json\/wp\/v2\/types\/page"}],"author":[{"embeddable":true,"href":"https:\/\/www.schischule-radstadt.com\/nl\/wp-json\/wp\/v2\/users\/5"}],"replies":[{"embeddable":true,"href":"https:\/\/www.schischule-radstadt.com\/nl\/wp-json\/wp\/v2\/comments?post=875"}],"version-history":[{"count":32,"href":"https:\/\/www.schischule-radstadt.com\/nl\/wp-json\/wp\/v2\/pages\/875\/revisions"}],"predecessor-version":[{"id":10395,"href":"https:\/\/www.schischule-radstadt.com\/nl\/wp-json\/wp\/v2\/pages\/875\/revisions\/10395"}],"up":[{"embeddable":true,"href":"https:\/\/www.schischule-radstadt.com\/nl\/wp-json\/wp\/v2\/pages\/871"}],"wp:attachment":[{"href":"https:\/\/www.schischule-radstadt.com\/nl\/wp-json\/wp\/v2\/media?parent=875"}],"curies":[{"name":"wp","href":"https:\/\/api.w.org\/{rel}","templated":true}]}}