{"id":873,"date":"2013-04-11T12:11:36","date_gmt":"2013-04-11T10:11:36","guid":{"rendered":"http:\/\/schischule-radstadt.com.w013d2fb.kasserver.com\/kurse\/kinderskikurse\/"},"modified":"2025-11-26T10:10:42","modified_gmt":"2025-11-26T08:10:42","slug":"kinderskiles","status":"publish","type":"page","link":"https:\/\/www.schischule-radstadt.com\/nl\/kurse\/kinderskiles\/","title":{"rendered":"Kinder skiles"},"content":{"rendered":"\t\t<div data-elementor-type=\"wp-page\" data-elementor-id=\"873\" class=\"elementor elementor-873 elementor-3573\" data-elementor-post-type=\"page\">\n\t\t\t\t<div class=\"elementor-element elementor-element-66f37ed e-flex e-con-boxed e-con e-parent\" data-id=\"66f37ed\" data-element_type=\"container\" data-e-type=\"container\">\n\t\t\t\t\t<div class=\"e-con-inner\">\n\t\t<div class=\"elementor-element elementor-element-a4ea79e e-con-full e-flex e-con e-child\" data-id=\"a4ea79e\" data-element_type=\"container\" data-e-type=\"container\">\n\t\t\t\t<div class=\"elementor-element elementor-element-46d4bf0 elementor-widget elementor-widget-image\" data-id=\"46d4bf0\" data-element_type=\"widget\" data-e-type=\"widget\" data-widget_type=\"image.default\">\n\t\t\t\t\t\t\t\t\t\t\t\t\t\t\t<img decoding=\"async\" width=\"166\" height=\"249\" src=\"https:\/\/www.schischule-radstadt.com\/wp-content\/uploads\/20250206_182303-c492-166x249.webp\" class=\"attachment-medium size-medium wp-image-5841\" alt=\"\" srcset=\"https:\/\/www.schischule-radstadt.com\/wp-content\/uploads\/20250206_182303-c492-166x249.webp 166w, https:\/\/www.schischule-radstadt.com\/wp-content\/uploads\/20250206_182303-c492-449x674.webp 449w, https:\/\/www.schischule-radstadt.com\/wp-content\/uploads\/20250206_182303-c492-89x134.webp 89w, https:\/\/www.schischule-radstadt.com\/wp-content\/uploads\/20250206_182303-c492-768x1152.webp 768w, https:\/\/www.schischule-radstadt.com\/wp-content\/uploads\/20250206_182303-c492-1024x1536.webp 1024w, https:\/\/www.schischule-radstadt.com\/wp-content\/uploads\/20250206_182303-c492-600x900.jpg 600w, https:\/\/www.schischule-radstadt.com\/wp-content\/uploads\/20250206_182303-c492.webp 1280w\" sizes=\"(max-width: 166px) 100vw, 166px\" \/>\t\t\t\t\t\t\t\t\t\t\t\t\t\t\t<\/div>\n\t\t<div class=\"elementor-element elementor-element-b7b808a e-con-full e-flex e-con e-child\" data-id=\"b7b808a\" data-element_type=\"container\" data-e-type=\"container\">\n\t\t\t\t<div class=\"elementor-element elementor-element-eccd663 elementor-widget elementor-widget-image\" data-id=\"eccd663\" data-element_type=\"widget\" data-e-type=\"widget\" data-widget_type=\"image.default\">\n\t\t\t\t\t\t\t\t\t\t\t\t\t\t\t<img fetchpriority=\"high\" decoding=\"async\" width=\"800\" height=\"533\" src=\"https:\/\/www.schischule-radstadt.com\/wp-content\/uploads\/20250106_120227-4cba-800x533.jpg\" class=\"attachment-large size-large wp-image-7189\" alt=\"\" srcset=\"https:\/\/www.schischule-radstadt.com\/wp-content\/uploads\/20250106_120227-4cba-800x533.jpg 800w, https:\/\/www.schischule-radstadt.com\/wp-content\/uploads\/20250106_120227-4cba-374x249.jpg 374w, https:\/\/www.schischule-radstadt.com\/wp-content\/uploads\/20250106_120227-4cba-200x134.jpg 200w, https:\/\/www.schischule-radstadt.com\/wp-content\/uploads\/20250106_120227-4cba-768x512.jpg 768w, https:\/\/www.schischule-radstadt.com\/wp-content\/uploads\/20250106_120227-4cba-1536x1024.jpg 1536w, https:\/\/www.schischule-radstadt.com\/wp-content\/uploads\/20250106_120227-4cba-600x400.jpg 600w, https:\/\/www.schischule-radstadt.com\/wp-content\/uploads\/20250106_120227-4cba.jpg 2048w\" sizes=\"(max-width: 800px) 100vw, 800px\" \/>\t\t\t\t\t\t\t\t\t\t\t\t\t\t\t<\/div>\n\t\t\t\t<\/div>\n\t\t\t\t<\/div>\n\t\t<div class=\"elementor-element elementor-element-ac58bde e-con-full e-flex e-con e-child\" data-id=\"ac58bde\" data-element_type=\"container\" data-e-type=\"container\">\n\t\t\t\t<div class=\"elementor-element elementor-element-248f16c elementor-widget elementor-widget-text-editor\" data-id=\"248f16c\" data-element_type=\"widget\" data-e-type=\"widget\" data-widget_type=\"text-editor.default\">\n\t\t\t\t\t\t\t\t\t<h3><span style=\"color: #0071bc;\">Kinder skiles in Radstadt<\/span><\/h3>\n<p><span style=\"color: #000000;\">Kinderen en tieners leren ski\u00ebn in groepen en ervaren een leuke en motiverende groepsdynamiek! Onze gediplomeerde skileraren leren kinderen vanaf 3 jaar, van beginners tot gevorderden, ski\u00ebn.<\/span><\/p>\n<p><span style=\"color: #000000;\">Leren ski\u00ebn bij ons in M\u00e4useland is een feest! Wij bieden skilessen aan met leeftijdsgenoten. Vanaf het begin maken kinderen spelenderwijs en vakkundig kennis met de wereld van het ski\u00ebn. Onze gediplomeerde en ervaren skileraren, onze &#8220;Rode Pro&#8217;s&#8221;, laten de kinderen enthousiast zien hoe ze correct op hun ski&#8217;s moeten staan. Ze worden ondersteund door onze mascottes: Mimi en Max de muizen, Pippi Langkous en Lotta de giraf.<\/span><\/p>\n\t\t\t\t\t\t\t\t<\/div>\n\t\t\t\t<\/div>\n\t\t\t\t\t<\/div>\n\t\t\t\t<\/div>\n\t\t<div class=\"elementor-element elementor-element-f5c1ad7 e-flex e-con-boxed e-con e-parent\" data-id=\"f5c1ad7\" data-element_type=\"container\" data-e-type=\"container\">\n\t\t\t\t\t<div class=\"e-con-inner\">\n\t\t\t\t<div class=\"elementor-element elementor-element-4b15e45 elementor-widget elementor-widget-Table\" data-id=\"4b15e45\" data-element_type=\"widget\" data-e-type=\"widget\" data-widget_type=\"Table.default\">\n\t\t\t\t<div class=\"elementor-widget-container\">\n\t\t\t\t\t\t\t<table class=\"tafe-table \">\n\t\t\t<thead  class=\"tafe-table-header\">\n\t\t\t\t<tr>\n\t\t\t\t\t<th class=\"elementor-inline-editing elementor-repeater-item-4362a68\"   ><\/th><th class=\"elementor-inline-editing elementor-repeater-item-4aea08a\"   >Halve dag: 2 uur \/ dag \n(10.00 - 12.00)<\/th><th class=\"elementor-inline-editing elementor-repeater-item-fbbac6b\"   >Hele dag: 4 uuur \/ dag\n(10.00 - 12.00 en 13.30 - 15.30)<\/th>\t\t\t\t<\/tr>\n\t\t\t<\/thead>\n\t\t\t\t\t\t<tbody class=\"tafe-table-body\">\n\t\t\t\t<tr>\n\t\t\t\t\t<td data-label=\"\"   class=\"elementor-repeater-item-6afe14c td-content-type-default\" >1 dag<\/td><td data-label=\"Halve dag: 2 uur \/ dag \n(10.00 - 12.00)\"   class=\"elementor-repeater-item-cf744bd td-content-type-default\" >95,-<\/td><td data-label=\"Hele dag: 4 uuur \/ dag\n(10.00 - 12.00 en 13.30 - 15.30)\"   class=\"elementor-repeater-item-d8398dd td-content-type-default\" >115,-<\/td><\/tr><tr><td data-label=\"\"   class=\"elementor-repeater-item-2aa41e1 td-content-type-default\" >2 dagen<\/td><td data-label=\"Halve dag: 2 uur \/ dag \n(10.00 - 12.00)\"   class=\"elementor-repeater-item-9a9cd4d td-content-type-default\" >190,-<\/td><td data-label=\"Hele dag: 4 uuur \/ dag\n(10.00 - 12.00 en 13.30 - 15.30)\"   class=\"elementor-repeater-item-faf00c9 td-content-type-default\" >230,-<\/td><\/tr><tr><td data-label=\"\"   class=\"elementor-repeater-item-3d925ab td-content-type-default\" >3 dagen<\/td><td data-label=\"Halve dag: 2 uur \/ dag \n(10.00 - 12.00)\"   class=\"elementor-repeater-item-eb5ef65 td-content-type-default\" >250,-<\/td><td data-label=\"Hele dag: 4 uuur \/ dag\n(10.00 - 12.00 en 13.30 - 15.30)\"   class=\"elementor-repeater-item-f9b560b td-content-type-default\" >300,-<\/td><\/tr><tr><td data-label=\"\"   class=\"elementor-repeater-item-8d0375a td-content-type-default\" >4 dagen<\/td><td data-label=\"Halve dag: 2 uur \/ dag \n(10.00 - 12.00)\"   class=\"elementor-repeater-item-f7c21d0 td-content-type-default\" >275,-<\/td><td data-label=\"Hele dag: 4 uuur \/ dag\n(10.00 - 12.00 en 13.30 - 15.30)\"   class=\"elementor-repeater-item-7543561 td-content-type-default\" >330,-<\/td><\/tr><tr><td data-label=\"\"   class=\"elementor-repeater-item-830bc00 td-content-type-default\" >5 dagen<\/td><td data-label=\"Halve dag: 2 uur \/ dag \n(10.00 - 12.00)\"   class=\"elementor-repeater-item-bd45da9 td-content-type-default\" >295,-<\/td><td data-label=\"Hele dag: 4 uuur \/ dag\n(10.00 - 12.00 en 13.30 - 15.30)\"   class=\"elementor-repeater-item-16c0245 td-content-type-default\" >355,-<\/td><\/tr><tr><td data-label=\"\"   class=\"elementor-repeater-item-43aef9d td-content-type-default\" >6 dagen<\/td><td data-label=\"Halve dag: 2 uur \/ dag \n(10.00 - 12.00)\"   class=\"elementor-repeater-item-0e6512b td-content-type-default\" >310,-<\/td><td data-label=\"Hele dag: 4 uuur \/ dag\n(10.00 - 12.00 en 13.30 - 15.30)\"   class=\"elementor-repeater-item-0114b89 td-content-type-default\" >375<\/td><\/tr><tr><td data-label=\"\"   class=\"elementor-repeater-item-ee890fc td-content-type-default\" >Verlenging*<\/td><td data-label=\"Halve dag: 2 uur \/ dag \n(10.00 - 12.00)\"   class=\"elementor-repeater-item-03369dd td-content-type-default\" >25,-<\/td><td data-label=\"Hele dag: 4 uuur \/ dag\n(10.00 - 12.00 en 13.30 - 15.30)\"   class=\"elementor-repeater-item-70a9b93 td-content-type-default\" >30,-<\/td><\/tr><tr><td data-label=\"\"   class=\"elementor-repeater-item-d78b07e td-content-type-default\" >Middageten  &amp;opvang<\/td><td data-label=\"Halve dag: 2 uur \/ dag \n(10.00 - 12.00)\"   class=\"elementor-repeater-item-694dd7a td-content-type-default\" >20,-\n<\/td><td data-label=\"Hele dag: 4 uuur \/ dag\n(10.00 - 12.00 en 13.30 - 15.30)\"   class=\"elementor-repeater-item-2715073 td-content-type-default\" >20,-<\/td>\t\t\t\t<\/tr>\n\t\t\t<\/tbody>\n\t\t<\/table>\n\t\t\n\t\t\t\t\t\t<\/div>\n\t\t\t\t<\/div>\n\t\t\t\t<div class=\"elementor-element elementor-element-6dbd51a elementor-widget elementor-widget-text-editor\" data-id=\"6dbd51a\" data-element_type=\"widget\" data-e-type=\"widget\" data-widget_type=\"text-editor.default\">\n\t\t\t\t\t\t\t\t\t<p><em><span style=\"color: #000000;\">*Verlenging na de derde dag kost \u20ac25,- halvedag of \u20ac30,- hele dag. (Tijdens de eerste 3 dagen wordt het prijsverschil betaald)<br \/>\n<\/span><\/em><em style=\"font-size: 1rem;\"><span style=\"color: #000000;\">De prijzen zijn inkl. btw en zonder liftpas<\/span><\/em><\/p>\n\t\t\t\t\t\t\t\t<\/div>\n\t\t\t\t\t<\/div>\n\t\t\t\t<\/div>\n\t\t<div class=\"elementor-element elementor-element-a598cc3 e-flex e-con-boxed e-con e-parent\" data-id=\"a598cc3\" data-element_type=\"container\" data-e-type=\"container\">\n\t\t\t\t\t<div class=\"e-con-inner\">\n\t\t<div class=\"elementor-element elementor-element-53a16ad e-con-full e-flex e-con e-child\" data-id=\"53a16ad\" data-element_type=\"container\" data-e-type=\"container\">\n\t\t\t\t<div class=\"elementor-element elementor-element-d43ce44 elementor-widget elementor-widget-image\" data-id=\"d43ce44\" data-element_type=\"widget\" data-e-type=\"widget\" data-widget_type=\"image.default\">\n\t\t\t\t\t\t\t\t\t\t\t\t\t\t\t<img decoding=\"async\" width=\"1500\" height=\"1000\" src=\"https:\/\/www.schischule-radstadt.com\/wp-content\/uploads\/20250106_120235-d0a1-1-e1757522533105.jpg\" class=\"attachment-full size-full wp-image-8584\" alt=\"\" srcset=\"https:\/\/www.schischule-radstadt.com\/wp-content\/uploads\/20250106_120235-d0a1-1-e1757522533105.jpg 1500w, https:\/\/www.schischule-radstadt.com\/wp-content\/uploads\/20250106_120235-d0a1-1-e1757522533105-200x134.jpg 200w, https:\/\/www.schischule-radstadt.com\/wp-content\/uploads\/20250106_120235-d0a1-1-e1757522533105-374x249.jpg 374w, https:\/\/www.schischule-radstadt.com\/wp-content\/uploads\/20250106_120235-d0a1-1-e1757522533105-768x512.jpg 768w, https:\/\/www.schischule-radstadt.com\/wp-content\/uploads\/20250106_120235-d0a1-1-e1757522533105-800x533.jpg 800w, https:\/\/www.schischule-radstadt.com\/wp-content\/uploads\/20250106_120235-d0a1-1-e1757522533105-600x400.jpg 600w\" sizes=\"(max-width: 1500px) 100vw, 1500px\" \/>\t\t\t\t\t\t\t\t\t\t\t\t\t\t\t<\/div>\n\t\t\t\t<div class=\"elementor-element elementor-element-02dd670 elementor-widget__width-initial elementor-widget elementor-widget-heading\" data-id=\"02dd670\" data-element_type=\"widget\" data-e-type=\"widget\" data-widget_type=\"heading.default\">\n\t\t\t\t\t<h4 class=\"elementor-heading-title elementor-size-default\">Halve dag kinder skiles<\/h4>\t\t\t\t<\/div>\n\t\t\t\t<div class=\"elementor-element elementor-element-878bd8a elementor-widget elementor-widget-button\" data-id=\"878bd8a\" data-element_type=\"widget\" data-e-type=\"widget\" data-widget_type=\"button.default\">\n\t\t\t\t\t\t\t\t\t\t<a class=\"elementor-button elementor-button-link elementor-size-sm\" href=\"https:\/\/www.schischule-radstadt.com\/nl\/product\/skicursus-kinder-halve-dag\/\">\n\t\t\t\t\t\t<span class=\"elementor-button-content-wrapper\">\n\t\t\t\t\t\t\t\t\t<span class=\"elementor-button-text\">Boek nu<\/span>\n\t\t\t\t\t<\/span>\n\t\t\t\t\t<\/a>\n\t\t\t\t\t\t\t\t<\/div>\n\t\t\t\t<\/div>\n\t\t<div class=\"elementor-element elementor-element-bc23147 e-con-full e-flex e-con e-child\" data-id=\"bc23147\" data-element_type=\"container\" data-e-type=\"container\">\n\t\t\t\t<div class=\"elementor-element elementor-element-64caa0b elementor-widget elementor-widget-image\" data-id=\"64caa0b\" data-element_type=\"widget\" data-e-type=\"widget\" data-widget_type=\"image.default\">\n\t\t\t\t\t\t\t\t\t\t\t\t\t\t\t<img loading=\"lazy\" decoding=\"async\" width=\"1536\" height=\"1152\" src=\"https:\/\/www.schischule-radstadt.com\/wp-content\/uploads\/IMG_4162-1-1536x1152.jpeg\" class=\"attachment-1536x1536 size-1536x1536 wp-image-7131\" alt=\"\" srcset=\"https:\/\/www.schischule-radstadt.com\/wp-content\/uploads\/IMG_4162-1-1536x1152.jpeg 1536w, https:\/\/www.schischule-radstadt.com\/wp-content\/uploads\/IMG_4162-1-332x249.jpeg 332w, https:\/\/www.schischule-radstadt.com\/wp-content\/uploads\/IMG_4162-1-800x600.jpeg 800w, https:\/\/www.schischule-radstadt.com\/wp-content\/uploads\/IMG_4162-1-179x134.jpeg 179w, https:\/\/www.schischule-radstadt.com\/wp-content\/uploads\/IMG_4162-1-768x576.jpeg 768w, https:\/\/www.schischule-radstadt.com\/wp-content\/uploads\/IMG_4162-1-250x187.jpeg 250w, https:\/\/www.schischule-radstadt.com\/wp-content\/uploads\/IMG_4162-1-533x400.jpeg 533w, https:\/\/www.schischule-radstadt.com\/wp-content\/uploads\/IMG_4162-1.jpeg 1863w\" sizes=\"(max-width: 1536px) 100vw, 1536px\" \/>\t\t\t\t\t\t\t\t\t\t\t\t\t\t\t<\/div>\n\t\t\t\t<div class=\"elementor-element elementor-element-df18bc0 elementor-widget__width-initial elementor-widget elementor-widget-heading\" data-id=\"df18bc0\" data-element_type=\"widget\" data-e-type=\"widget\" data-widget_type=\"heading.default\">\n\t\t\t\t\t<h4 class=\"elementor-heading-title elementor-size-default\">Hele dag kinder skiles<\/h4>\t\t\t\t<\/div>\n\t\t\t\t<div class=\"elementor-element elementor-element-a91e582 elementor-widget elementor-widget-button\" data-id=\"a91e582\" data-element_type=\"widget\" data-e-type=\"widget\" data-widget_type=\"button.default\">\n\t\t\t\t\t\t\t\t\t\t<a class=\"elementor-button elementor-button-link elementor-size-sm\" href=\"https:\/\/www.schischule-radstadt.com\/nl\/product\/skicursus-kinder-gehele-dag\/\">\n\t\t\t\t\t\t<span class=\"elementor-button-content-wrapper\">\n\t\t\t\t\t\t\t\t\t<span class=\"elementor-button-text\">Boek nu<\/span>\n\t\t\t\t\t<\/span>\n\t\t\t\t\t<\/a>\n\t\t\t\t\t\t\t\t<\/div>\n\t\t\t\t<\/div>\n\t\t\t\t\t<\/div>\n\t\t\t\t<\/div>\n\t\t<div class=\"elementor-element elementor-element-ebbede4 e-con-full e-flex e-con e-parent\" data-id=\"ebbede4\" data-element_type=\"container\" data-e-type=\"container\">\n\t\t\t\t<div class=\"elementor-element elementor-element-bdf5892 elementor-widget__width-inherit elementor-widget elementor-widget-image\" data-id=\"bdf5892\" data-element_type=\"widget\" data-e-type=\"widget\" data-widget_type=\"image.default\">\n\t\t\t\t\t\t\t\t\t\t\t\t\t\t\t<img loading=\"lazy\" decoding=\"async\" width=\"2048\" height=\"867\" src=\"https:\/\/www.schischule-radstadt.com\/wp-content\/uploads\/20250106_120307-f814-e1757444140795.jpg\" class=\"attachment-full size-full wp-image-7190\" alt=\"\" srcset=\"https:\/\/www.schischule-radstadt.com\/wp-content\/uploads\/20250106_120307-f814-e1757444140795.jpg 2048w, https:\/\/www.schischule-radstadt.com\/wp-content\/uploads\/20250106_120307-f814-e1757444140795-421x178.jpg 421w, https:\/\/www.schischule-radstadt.com\/wp-content\/uploads\/20250106_120307-f814-e1757444140795-800x339.jpg 800w, https:\/\/www.schischule-radstadt.com\/wp-content\/uploads\/20250106_120307-f814-e1757444140795-200x85.jpg 200w, https:\/\/www.schischule-radstadt.com\/wp-content\/uploads\/20250106_120307-f814-e1757444140795-768x325.jpg 768w, https:\/\/www.schischule-radstadt.com\/wp-content\/uploads\/20250106_120307-f814-e1757444140795-1536x650.jpg 1536w, https:\/\/www.schischule-radstadt.com\/wp-content\/uploads\/20250106_120307-f814-e1757444140795-600x254.jpg 600w\" sizes=\"(max-width: 2048px) 100vw, 2048px\" \/>\t\t\t\t\t\t\t\t\t\t\t\t\t\t\t<\/div>\n\t\t\t\t<\/div>\n\t\t\t\t<\/div>\n\t\t","protected":false},"excerpt":{"rendered":"<p>Kinder skiles in Radstadt Kinderen en tieners leren ski\u00ebn in groepen en ervaren een leuke en motiverende groepsdynamiek! Onze gediplomeerde skileraren leren kinderen vanaf 3 jaar, van beginners tot gevorderden, ski\u00ebn. Leren ski\u00ebn bij ons in M\u00e4useland is een feest! Wij bieden skilessen aan met leeftijdsgenoten. Vanaf het begin maken kinderen spelenderwijs en vakkundig kennis [&hellip;]<\/p>\n","protected":false},"author":5,"featured_media":0,"parent":871,"menu_order":6,"comment_status":"closed","ping_status":"closed","template":"","meta":{"footnotes":""},"class_list":["post-873","page","type-page","status-publish","hentry"],"jetpack_sharing_enabled":true,"_links":{"self":[{"href":"https:\/\/www.schischule-radstadt.com\/nl\/wp-json\/wp\/v2\/pages\/873","targetHints":{"allow":["GET"]}}],"collection":[{"href":"https:\/\/www.schischule-radstadt.com\/nl\/wp-json\/wp\/v2\/pages"}],"about":[{"href":"https:\/\/www.schischule-radstadt.com\/nl\/wp-json\/wp\/v2\/types\/page"}],"author":[{"embeddable":true,"href":"https:\/\/www.schischule-radstadt.com\/nl\/wp-json\/wp\/v2\/users\/5"}],"replies":[{"embeddable":true,"href":"https:\/\/www.schischule-radstadt.com\/nl\/wp-json\/wp\/v2\/comments?post=873"}],"version-history":[{"count":34,"href":"https:\/\/www.schischule-radstadt.com\/nl\/wp-json\/wp\/v2\/pages\/873\/revisions"}],"predecessor-version":[{"id":9412,"href":"https:\/\/www.schischule-radstadt.com\/nl\/wp-json\/wp\/v2\/pages\/873\/revisions\/9412"}],"up":[{"embeddable":true,"href":"https:\/\/www.schischule-radstadt.com\/nl\/wp-json\/wp\/v2\/pages\/871"}],"wp:attachment":[{"href":"https:\/\/www.schischule-radstadt.com\/nl\/wp-json\/wp\/v2\/media?parent=873"}],"curies":[{"name":"wp","href":"https:\/\/api.w.org\/{rel}","templated":true}]}}