{"id":863,"date":"2013-04-10T15:09:53","date_gmt":"2013-04-10T13:09:53","guid":{"rendered":"http:\/\/schischule-radstadt.com.w013d2fb.kasserver.com\/uber-uns-2\/pipi-skistrumpf\/"},"modified":"2025-01-02T10:17:37","modified_gmt":"2025-01-02T08:17:37","slug":"pipi-skistrumpf","status":"publish","type":"page","link":"https:\/\/www.schischule-radstadt.com\/nl\/pipi-skistrumpf\/","title":{"rendered":"Pippi Schistrumpf"},"content":{"rendered":"<h3>Unsere Maskottchen<\/h3>\n<h1>Pippi Schistrumpf<\/h1>\n<h3 style=\"text-align: right;\">und die Schim\u00e4use Mimi &amp; Max<\/h3>\n<p>&nbsp;<\/p>\n<p>Unsere Maskottchen Pippi Schistrumpf und die M\u00e4use Mimi und Max unterst\u00fctzen jede Woche beim Skirennen die Kinder und feiern sie auf dem Podest. Gemeinsam wird getanzt und gelacht und ein erfolgreicher Skikurs gefeiert.<\/p>\n<p>&nbsp;<\/p>\n<p><img fetchpriority=\"high\" decoding=\"async\" class=\"aligncenter wp-image-4742 size-full\" src=\"https:\/\/www.schischule-radstadt.com\/wp-content\/uploads\/IMG_3702-1-scaled.jpg\" alt=\"\" width=\"2560\" height=\"1920\" srcset=\"https:\/\/www.schischule-radstadt.com\/wp-content\/uploads\/IMG_3702-1-scaled.jpg 2560w, https:\/\/www.schischule-radstadt.com\/wp-content\/uploads\/IMG_3702-1-332x249.jpg 332w, https:\/\/www.schischule-radstadt.com\/wp-content\/uploads\/IMG_3702-1-800x600.jpg 800w, https:\/\/www.schischule-radstadt.com\/wp-content\/uploads\/IMG_3702-1-179x134.jpg 179w, https:\/\/www.schischule-radstadt.com\/wp-content\/uploads\/IMG_3702-1-768x576.jpg 768w, https:\/\/www.schischule-radstadt.com\/wp-content\/uploads\/IMG_3702-1-1536x1152.jpg 1536w, https:\/\/www.schischule-radstadt.com\/wp-content\/uploads\/IMG_3702-1-2048x1536.jpg 2048w, https:\/\/www.schischule-radstadt.com\/wp-content\/uploads\/IMG_3702-1-250x187.jpg 250w, https:\/\/www.schischule-radstadt.com\/wp-content\/uploads\/IMG_3702-1-533x400.jpg 533w\" sizes=\"(max-width: 2560px) 100vw, 2560px\" \/><\/p>\n<p>&nbsp;<\/p>\n<p><strong>Wie Pippi Schistrumpf zu uns in die Schischule kam und wie sie auf die M\u00e4use Mimi und Max traf, das erf\u00e4hrst du unten in den Geschichten, mit denen Kindern das Skifahren und die Pistenregeln lustig vermittelt werden k\u00f6nnen.<\/strong><\/p>\n<p>&nbsp;<\/p>\n<p><img decoding=\"async\" class=\"aligncenter wp-image-4543 size-large\" src=\"https:\/\/www.schischule-radstadt.com\/wp-content\/uploads\/IMG_3678-rotated-e1707653005493-800x663.jpg\" alt=\"\" width=\"550\" height=\"456\" srcset=\"https:\/\/www.schischule-radstadt.com\/wp-content\/uploads\/IMG_3678-rotated-e1707653005493-800x663.jpg 800w, https:\/\/www.schischule-radstadt.com\/wp-content\/uploads\/IMG_3678-rotated-e1707653005493-300x249.jpg 300w, https:\/\/www.schischule-radstadt.com\/wp-content\/uploads\/IMG_3678-rotated-e1707653005493-162x134.jpg 162w, https:\/\/www.schischule-radstadt.com\/wp-content\/uploads\/IMG_3678-rotated-e1707653005493-768x636.jpg 768w, https:\/\/www.schischule-radstadt.com\/wp-content\/uploads\/IMG_3678-rotated-e1707653005493-241x200.jpg 241w, https:\/\/www.schischule-radstadt.com\/wp-content\/uploads\/IMG_3678-rotated-e1707653005493-483x400.jpg 483w, https:\/\/www.schischule-radstadt.com\/wp-content\/uploads\/IMG_3678-rotated-e1707653005493-362x300.jpg 362w, https:\/\/www.schischule-radstadt.com\/wp-content\/uploads\/IMG_3678-rotated-e1707653005493.jpg 1512w\" sizes=\"(max-width: 550px) 100vw, 550px\" \/><\/p>\n<p>&nbsp;<\/p>\n<p>&nbsp;<\/p>\n<p>&nbsp;<\/p>\n<p><strong>Folge 1:<\/strong><\/p>\n<h3><span style=\"color: #ff0000;\"><b>Aller Anfang ist schwer!<\/b><\/span><\/h3>\n<hr \/>\n<p>Kennt ihr Pippi? Nein, nicht DIE Pippi aus dem Takatukaland und mit dem Pferd und dem Affen. UNSERE Pippi! Die habt ihr bestimmt schon gesehen, oder? Ich erz\u00e4hl euch heute mal ein wenig von ihr.<\/p>\n<p>&nbsp;<\/p>\n<p>Pippi ist ein ganz normales M\u00e4dchen. Sie spielt gerne, sie ist gerne in der Natur drau\u00dfen und manchmal mag sie so gar nicht folgen, wenn ihre Mama etwas sagt. Ein ganz normales Kind eben, wie du oder du oder sogar wie du! <i>(auf Kinder zeigen)<\/i><\/p>\n<p>Pippi mag sogar ganz gerne<\/p>\n<p>Sport. Sie turnt und h\u00fcpft oft ganz viel herum. K\u00f6nnt ihr das auch? <i>(Kids h\u00fcpfen lassen)<\/i><\/p>\n<p>Im Winter, wenn ganz viel Schnee liegt, f\u00e4hrt Pippi auch gern mit dem Schlitten den Berg hinunter. Das macht richtig viel Spa\u00df! Doch irgendwann ist unserer Pippi das nicht genug. Sie beschlie\u00dft, Skifahren zu lernen! Also geht sie zu einem Skiverleih und borgt sich dort Skischuhe, Stecken und einen Helm. Als Pippi aus dem Gesch\u00e4ft hinaus geht, fehlt ihr jedoch noch etwas! Wisst ihr, was Pippi vergessen hat?<\/p>\n<p>Genau! Sie hat doch tats\u00e4chlich die Ski vergessen! Ohne Ski kann man doch nicht fahren, oder?<\/p>\n<p>&nbsp;<\/p>\n<p>Endlich richtig ausger\u00fcstet, geht Pippi zum \u00dcbungshang und legt ihre Sachen in den Schnee. Dann setzt sie den Helm auf und macht ihn fest zu. Sie nimmt die Ski in die Hand und legt die Stecken auf den Boden. <i>(Eventuell nachmachen, damit die Kinder das sehen)<\/i> Dann stellt sie sich auf die Stecken drauf, dr\u00fcckt sich mit den Skiern ab \u2013 und kommt nicht vom Fleck.<\/p>\n<p>\u00bbNanu, was ist da los?\u00ab Pippi \u00e4rgert sich furchtbar.<\/p>\n<p>Die Ski in ihren H\u00e4nden werden immer schwerer und sie kommt einfach nicht in die Stecken hinein! Da h\u00f6rt sie eine leise Stimme.<\/p>\n<p>\u00bbPiep! Piep!\u00ab Verwundert schaut sich Pippi um, kann aber nichts entdecken. \u00bbPiep! Piep!\u00ab Da, schon wieder!<\/p>\n<p>\u00bbIch hei\u00dfe nicht PIEP! Ich hei\u00dfe Pippi!\u00ab<\/p>\n<p>\u00bbPiep! Piep!\u00ab<\/p>\n<p>\u00bbP-I-P-P-I! Nicht piep!\u00ab Pippi wird langsam b\u00f6se. \u00bbWer ist da?\u00ab, ruft sie ver\u00e4rgert. \u00bbKommt raus!\u00ab<\/p>\n<p>Da huschen pl\u00f6tzlich zwei M\u00e4use aus dem Schnee. Pippi guckt ganz erstaunt, denn die M\u00e4use haben ein richtiges Skigewand an und Skier an den F\u00fc\u00dfchen!<\/p>\n<p>\u00bbWir sind die zwei Schim\u00e4use \u2013 und wir werden dir helfen!\u00ab, sagen sie mit piepsiger Stimme. Rasch huschen die M\u00e4use zu Pippi, legen ihre Skier auf d<\/p>\n<p>&nbsp;<\/p>\n<p>en Boden, dr\u00fccken ihr die Stecken in die Hand und die F\u00fc\u00dfe in die Skibindung. \u00bbSo, jetzt ist es richtig!\u00ab, sagen die M\u00e4use und schauen stolz zu Pippi.<\/p>\n<p>\u00bbAhhh! So geh\u00f6rt das also\u00ab, sagt Pippi und steht nun lachend auf ihren Skiern. \u00bbUnd jetzt?\u00ab, fragt sie die zwei Schim\u00e4use.<\/p>\n<p>\u00bbJetzt zeigen wir dir, wie man richtig Ski f\u00e4hrt!\u00ab, rufen die M\u00e4use wie aus einem Mund und machen sich bereit f\u00fcr die erste Liftfahrt mit Pippi, die nun Pippi Schistrumpf hei\u00dft!<\/p>\n<p>&nbsp;<\/p>\n<p><img decoding=\"async\" class=\"wp-image-5066 size-medium aligncenter\" src=\"https:\/\/www.schischule-radstadt.com\/wp-content\/uploads\/Screenshot_20250102_090946_Gallery-250x249.jpg\" alt=\"\" width=\"250\" height=\"249\" srcset=\"https:\/\/www.schischule-radstadt.com\/wp-content\/uploads\/Screenshot_20250102_090946_Gallery-250x249.jpg 250w, https:\/\/www.schischule-radstadt.com\/wp-content\/uploads\/Screenshot_20250102_090946_Gallery-678x674.jpg 678w, https:\/\/www.schischule-radstadt.com\/wp-content\/uploads\/Screenshot_20250102_090946_Gallery-135x134.jpg 135w, https:\/\/www.schischule-radstadt.com\/wp-content\/uploads\/Screenshot_20250102_090946_Gallery-768x764.jpg 768w, https:\/\/www.schischule-radstadt.com\/wp-content\/uploads\/Screenshot_20250102_090946_Gallery-201x200.jpg 201w, https:\/\/www.schischule-radstadt.com\/wp-content\/uploads\/Screenshot_20250102_090946_Gallery-402x400.jpg 402w, https:\/\/www.schischule-radstadt.com\/wp-content\/uploads\/Screenshot_20250102_090946_Gallery-300x300.jpg 300w, https:\/\/www.schischule-radstadt.com\/wp-content\/uploads\/Screenshot_20250102_090946_Gallery.jpg 1080w\" sizes=\"(max-width: 250px) 100vw, 250px\" \/><\/p>\n<p>&nbsp;<\/p>\n<p>&nbsp;<\/p>\n<p><strong>Folge 2:<\/strong><\/p>\n<h2 style=\"text-align: left;\"><span style=\"color: #ff0000;\"><b>Eine Liftfahrt, die ist lustig!<\/b><\/span><\/h2>\n<hr \/>\n<p>Pippi steht zum ersten Mal in ihrem Leben auf Skiern! Dank der zwei lieben Schim\u00e4use hat sie es geschafft, richtig in der Bindung zu stehen und nun kann es losgehen. Mit vereinten Kr\u00e4ften schieben und ziehen die Schim\u00e4use ihre Pippi zum \u00dcbungslift. Mit diesem Lift soll es nun den Berg hoch gehen. Uiii, Pippi ist ganz sch\u00f6n aufgeregt!<\/p>\n<p>\u00bbSo, Pippi, stell dich nun hier hin\u00ab, sagt eine der beiden Schim\u00e4use. \u00bbDann guckst du nach hinten, streckst den Arm aus und wenn der n\u00e4chste Teller kommt h\u00e4ltst du dich fest!\u00ab<\/p>\n<p>\u00bbWelcher Teller?\u00ab, fragt Pippi. \u00bbWo gibt\u2019s hier Teller?\u00ab Sie schaut sich verwundert um.<\/p>\n<p>\u00bbAch Pippi,\u00ab sagt die eine Skimaus. \u00bbDieser Lift hier hat Teller. Siehst du das? Davon musst du einen zwischen die Beine nehmen und dann kann dich der Lift den Berg hoch ziehen. Versuch es mal!\u00ab<\/p>\n<p>Pippi stellt sich also in die Spur, guckt nach hinten, wartet auf den n\u00e4chsten Teller, streckt die Hand aus und schnappt ihn sich. Doch was bei allen anderen Kindern am \u00dcbungslift so einfach aussieht, ist f\u00fcr Pippi schwieriger als gedacht!<\/p>\n<p>\u00bbAhhh!!!\u00ab ruft sie und PATSCH liegt sie auch schon im Schnee.<\/p>\n<p>\u00bbDu musst ganz locker stehen bleiben!\u00ab, rufen die Schim\u00e4use und helfen Pippi wieder hoch.<\/p>\n<p>Der nette Liftwart hat nun gemerkt, dass Pippi ganz sch\u00f6ne Schwierigkeiten hat mit dem Lift zu fahren und stellt den Lift langsamer. Gekonnt schiebt er dann den n\u00e4chsten Teller zwischen Pippis Beine und gibt ihr noch einen leichten Schubs. \u00bbSch\u00f6n festhalten!\u00ab, ruft er noch nach.<\/p>\n<p>Pippi h\u00e4lt sich an der Stange fest so gut es geht, und nun geht es HUIIII den Berg hoch.<\/p>\n<p>\u00bbJuhuuu!\u00ab, ruft Pippi und freut sich, dass sie es geschafft hat, ganz alleine mit dem Lift zu fahren. Die beiden Schim\u00e4use fahren hinter Pippi und feuern sie an.<\/p>\n<p>\u00bbToll machst du das!\u00ab<\/p>\n<p>\u00bbJaaa, weiter so! Du schaffst das! Du bist gleich oben! Achtung!\u00ab<\/p>\n<p>RUMPPSSS! Pippi hat den Ausstieg \u00fcbersehen und liegt mitten in einem Schneehaufen. Schnell sausen die Schim\u00e4use zu ihr hin. \u00bbHast du dir wehgetan?\u00ab, fragen sie besorgt.<\/p>\n<p>Pippi rappelt sich schon wieder auf und klopft sich den Schnee von ihren Skistr\u00fcmpfen. Lachend antwortet sie: \u00bbNein, nein, nichts passiert! K\u00f6nnen wir jetzt endlich runter fahren? Ich will Ski fahren lernen!\u00ab<\/p>\n<p>Die beiden Schim\u00e4use sehen sich grinsend an. \u00bbIn Ordnung, wie du willst\u00ab, sagen sie. \u00bbDann zeigen wir dir jetzt, wie man richtig den Berg runter f\u00e4hrt.\u00ab<\/p>\n<p>&nbsp;<\/p>\n<p><img loading=\"lazy\" decoding=\"async\" class=\"aligncenter wp-image-5070 size-medium\" src=\"https:\/\/www.schischule-radstadt.com\/wp-content\/uploads\/Screenshot_20250102_090848_Gallery-250x249.jpg\" alt=\"\" width=\"250\" height=\"249\" srcset=\"https:\/\/www.schischule-radstadt.com\/wp-content\/uploads\/Screenshot_20250102_090848_Gallery-250x249.jpg 250w, https:\/\/www.schischule-radstadt.com\/wp-content\/uploads\/Screenshot_20250102_090848_Gallery-678x674.jpg 678w, https:\/\/www.schischule-radstadt.com\/wp-content\/uploads\/Screenshot_20250102_090848_Gallery-135x134.jpg 135w, https:\/\/www.schischule-radstadt.com\/wp-content\/uploads\/Screenshot_20250102_090848_Gallery-768x764.jpg 768w, https:\/\/www.schischule-radstadt.com\/wp-content\/uploads\/Screenshot_20250102_090848_Gallery-201x200.jpg 201w, https:\/\/www.schischule-radstadt.com\/wp-content\/uploads\/Screenshot_20250102_090848_Gallery-402x400.jpg 402w, https:\/\/www.schischule-radstadt.com\/wp-content\/uploads\/Screenshot_20250102_090848_Gallery.jpg 1080w\" sizes=\"(max-width: 250px) 100vw, 250px\" \/><\/p>\n<p>&nbsp;<\/p>\n<p><strong>Folge 3:<\/strong><\/p>\n<h2 style=\"text-align: left;\"><span style=\"color: #ff0000;\">Pizza und Pommes auf der Skipiste!<\/span><\/h2>\n<hr \/>\n<p>Die zwei Schim\u00e4use haben keine leichte Aufgabe. Sie sollen Pippi Schistrumpf das Skifahren beibringen, doch sie wissen nicht so recht, wie sie das am besten anstellen sollen. Pippi ist ja noch nie in ihrem Leben auf Skiern gestanden!<\/p>\n<p>\u00bbPippi, stell dich hier mal gerade hin\u00ab, sagt die eine Skimaus.<\/p>\n<p>\u00bbNein, du musst dich so hinstellen\u00ab, sagt die andere Skimaus.<\/p>\n<p>\u00bbIn die Knie!\u00ab, ruft die eine.<\/p>\n<p>\u00bbAber nicht in die Hocke!\u00ab, ruft die andere.<\/p>\n<p>Pippi kennt sich gar nicht mehr aus und guckt verwirrt von einer Skimaus zur anderen.<\/p>\n<p>Die zwei sind so mit ihren Tipps und Rufen besch\u00e4ftigt, dass sie gar nicht merken, dass Pippi ganz konzentriert schaut und ihre Skistecken fest entschlossen in die Hand nimmt. Dann atmet sie noch einmal tief durch und schubst sich mit den Stecken ab. \u00bbSollen die doch weiter diskutieren\u00ab, denkt Pippi. \u00bbIch will endlich Ski fahren!\u00ab<\/p>\n<p>Langsam f\u00e4hrt Pippi nun den Berg hinunter und sie versucht mit zitternden Knien nicht umzufallen. Das ist ganz sch\u00f6n schwierig. Immer schneller wird Pippi nun und sie bekommt es mit der Angst zu tun. Mittlerweile haben auch die Schim\u00e4use bemerkt, dass Pippi schon alleine losgefahren ist und sie fahren links und rechts neben Pippi her.<\/p>\n<p>\u00bbDu musst bremsen!\u00ab, rufen die Schim\u00e4use. \u00bbMach die Skispitzen zusammen! Wie ein Pflug, dann wirst du langsamer!\u00ab<\/p>\n<p>Pippi versucht angestrengt zu tun, was die M\u00e4use ihr sagen, doch sie wei\u00df nicht so recht, wie sie das am besten anstellen soll. \u00bbWie sieht nochmal ein Pflug aus? Was muss ich tun?\u00ab, denkt sie.<\/p>\n<p>Dann hat eine Skimaus die rettende Idee. \u00bbMach ein Pizzast\u00fcck mit deinen Skiern!\u00ab<\/p>\n<p>\u00bbPizza? Wie jetzt?\u00ab Pippi ist verwirrt. Aber ja, sie wei\u00df nun, was zu tun ist! Pizza ist lecker und Pizza auf der Skipiste? Das geht doch, oder? Angestrengt schiebt Pippi die Skispitzen zusammen und dr\u00fcckt fest mit den F\u00fc\u00dfen. Ja, so sieht ein Pizzast\u00fcck aus! Und es klappt! Pippi wird langsamer!<\/p>\n<p>Und schlie\u00dflich bleibt sie atemlos stehen.<\/p>\n<p>\u00bbIch kann&#8217;s!\u00ab, ruft sie fr\u00f6hlich. \u00bbIch bin ganz allein gefahren und hab gebremst!\u00ab<\/p>\n<p>Die Schim\u00e4use sind nun auch stehen geblieben und klopfen Pippi auf die Schulter. \u00bbGut gemacht, Pippi! Jetzt wei\u00dft du, wie man mit der Pizza bremst! Hast du nun Lust auf Pommes?\u00ab, fragen die Schim\u00e4use zwinkernd.<\/p>\n<p>\u00bbPommes? Ja klar, warum nicht\u00ab, ruft Pippi begeistert.<\/p>\n<p>Und so lernt Pippi, wie man mit den Skispitzen eine Pizza macht, wie man richtig lenkt und wie man mit Pommes gerade den Berg hinunter fahren kann. Pippi h\u00e4tte nie gedacht, dass es so viele leckere Sachen auf der Skipiste gibt!<\/p>\n<p>&nbsp;<\/p>\n<p><img loading=\"lazy\" decoding=\"async\" class=\"aligncenter wp-image-5068 size-medium\" src=\"https:\/\/www.schischule-radstadt.com\/wp-content\/uploads\/Screenshot_20250102_090901_Gallery-250x249.jpg\" alt=\"\" width=\"250\" height=\"249\" srcset=\"https:\/\/www.schischule-radstadt.com\/wp-content\/uploads\/Screenshot_20250102_090901_Gallery-250x249.jpg 250w, https:\/\/www.schischule-radstadt.com\/wp-content\/uploads\/Screenshot_20250102_090901_Gallery-678x674.jpg 678w, https:\/\/www.schischule-radstadt.com\/wp-content\/uploads\/Screenshot_20250102_090901_Gallery-135x134.jpg 135w, https:\/\/www.schischule-radstadt.com\/wp-content\/uploads\/Screenshot_20250102_090901_Gallery-768x764.jpg 768w, https:\/\/www.schischule-radstadt.com\/wp-content\/uploads\/Screenshot_20250102_090901_Gallery-201x200.jpg 201w, https:\/\/www.schischule-radstadt.com\/wp-content\/uploads\/Screenshot_20250102_090901_Gallery-402x400.jpg 402w, https:\/\/www.schischule-radstadt.com\/wp-content\/uploads\/Screenshot_20250102_090901_Gallery.jpg 1080w\" sizes=\"(max-width: 250px) 100vw, 250px\" \/><\/p>\n<p>&nbsp;<\/p>\n<p><strong>Folge 4:<\/strong><\/p>\n<h2 style=\"text-align: left;\"><span style=\"color: #ff0000;\">Pistenregeln sind wichtig!<\/span><\/h2>\n<hr \/>\n<p>Mit Hilfe der Pizzen und Pommes schafft es Pippi schon ganz gut den Berg runter zu fahren, ohne dass sie alle paar Meter in den Schnee f\u00e4llt. Die beiden Schim\u00e4use feuern dabei die kleine Skifahrerin immer wieder an und loben sie. Pippi ist ganz stolz auf sich und grinst vergn\u00fcgt von einem Ohr zum anderen. Das Skifahren macht ihr nun so richtig Spa\u00df.<\/p>\n<p>\u00bbHuhuu, schaut mal, was ich kann!\u00ab, ruft sie \u00fcberm\u00fctig, geht in eine tiefe Hocke und macht eine scharfe Kurve, so wie die gro\u00dfen Skifahrer, die sie mal im Fernsehen gesehen hat.<\/p>\n<p>Leider hat Pippi aber \u00fcbersehen, dass noch andere Skifahrer auf der Piste unterwegs sind. Noch ehe die Schim\u00e4use laut \u00bbAchtung!\u00ab rufen k\u00f6nnen, ist Pippi auch schon mit einem Jungen zusammengesto\u00dfen.<\/p>\n<p>Die Schim\u00e4use sind schnell zur Stelle und zum Gl\u00fcck ist dem Jungen nichts passiert. Er f\u00e4hrt gleich wieder weiter, nachdem sich Pippi kleinlaut bei ihm f\u00fcr ihren \u00dcbermut entschuldigt hat.<\/p>\n<p>\u00bbPippi, das war gar nicht klug von dir!\u00ab, sagt die eine Schimaus zu ihr.<\/p>\n<p>\u00bbJa, genau\u00ab, sagt die andere. \u00bbDas h\u00e4tte jetzt ganz schlimm ausgehen k\u00f6nnen!\u00ab<\/p>\n<p>Pippi nickt mit dem Kopf. \u00bbIch wollte euch doch nur zeigen, wie gut ich schon Bogen machen kann.\u00ab<\/p>\n<p>Die arme Pippi ist ganz zerknirscht und die Schim\u00e4use haben Mitleid mit ihr. Sie tr\u00f6sten sie: \u00bbSchon gut. Setz dich mal hin, dann erkl\u00e4ren wir dir ganz wichtige Regeln, damit das hier nicht noch einmal passiert. In Ordnung?\u00ab<\/p>\n<p>Pippi nickt und schaut die Schim\u00e4use neugierig an. Regeln f\u00fcr die Skipiste? So wie im Stra\u00dfenverkehr? Das hat sie ja noch nie geh\u00f6rt!<\/p>\n<p>\u00bbAlso, erstens\u00ab, beginnt die eine Schimaus, \u00bbjeder Skifahrer und Snowboarder muss sich so verhalten, dass er keinen anderen gef\u00e4hrdet oder sch\u00e4digt. Das was du gemacht hast, Pippi, darfst du nur machen, wenn du nicht in die Spur des anderen f\u00e4hrst. Also Augen auf beim n\u00e4chsten Mal!\u00ab<\/p>\n<p>\u00bbRegel Nummer zwei\u00ab, sagt nun die andere Schimaus. \u00bbJeder Skifahrer und Snowboarder muss auf Sicht fahren. Das hei\u00dft, du musst jederzeit abbremsen oder ausweichen k\u00f6nnen.<\/p>\n<p>Dann Regel Nummer drei, auch ganz wichtig: Du musst so fahren, dass du den vor dir fahrenden Skifahrer nicht gef\u00e4hrdest.\u00ab<\/p>\n<p>Eifrig nickt Pippi. Sie h\u00f6rt ganz genau zu. \u00bbUnd was ist, wenn ich jemanden \u00fcberholen will?\u00ab, fragt sie neugierig.<\/p>\n<p>\u00bbNaja, ein bisschen wird es wohl noch dauern, bis zu so gut f\u00e4hrst, dass du jemanden \u00fcberholen wirst\u00ab, sagt die Schimaus lachend. \u00bbAber wenn es soweit ist, dann gilt Regel Nummer 4: \u00dcberholt werden darf nur mit ausreichendem Abstand und wenn du dem anderen Pistenteilnehmer gen\u00fcgend Platz l\u00e4sst.\u00ab<\/p>\n<p>\u00bbUnd wenn du in einen Hang einf\u00e4hrst musst du schauen, ob von oben eh niemand kommt!\u00ab, erg\u00e4nzt die andere Schimaus. \u00bbUnd wenn du stehen bleibst oder hinf\u00e4llst, musst du vor allem an un\u00fcbersichtlichen Stellen so schnell wie m\u00f6glich wieder weg, damit keiner auff\u00e4hrt.\u00ab<\/p>\n<p>Wieder nickt Pippi und versucht sich all die Regeln einzupr\u00e4gen. \u00bbWieviele Regeln gibt es denn?\u00ab, fragt sie zaghaft. Es sind ja doch ganz sch\u00f6n viele Informationen auf einmal.<\/p>\n<p>\u00bbEs gibt zehn Regeln. Die letzten vier sind: Wenn du zu Fu\u00df auf- oder absteigst musst du den Rand der Piste benutzen. Dann musst du genau die Zeichen und Markierungen auf der Piste beachten.\u00ab<\/p>\n<p>Die andere Schimaus erkl\u00e4rt dann noch: \u00bbUnd wenn ein Unfall ist, ist jeder Pistenteilnehmer zur Hilfeleistung verpflichtet. Und zu guter Letzt sollte sich jeder auf der Piste ausweisen m\u00fcssen, also einen Ausweis mit Namen und Adresse dabei haben. Das war&#8217;s\u00ab, beenden die Schim\u00e4use ihren Vortrag.<\/p>\n<p>\u00bbUnd wie merke ich mir das alles?\u00ab, fragt Pippi zaghaft.<\/p>\n<p>Die Schim\u00e4use antworten: \u00bbEs ist eigentlich ganz einfach: Fahre so, wie du willst, das auch andere fahren. Also ganz ruhig, r\u00fccksichtsvoll und mit einem L\u00e4cheln im Gesicht.\u00ab<\/p>\n<p>\u00bbDas schaff ich\u00ab, sagt Pippi und rappelt sich l\u00e4chelnd vom Schnee auf.<\/p>\n","protected":false},"excerpt":{"rendered":"<p>Unsere Maskottchen Pippi Schistrumpf und die Schim\u00e4use Mimi &amp; Max &nbsp; Unsere Maskottchen Pippi Schistrumpf und die M\u00e4use Mimi und Max unterst\u00fctzen jede Woche beim Skirennen die Kinder und feiern sie auf dem Podest. Gemeinsam wird getanzt und gelacht und ein erfolgreicher Skikurs gefeiert. &nbsp; &nbsp; Wie Pippi Schistrumpf zu uns in die Schischule kam [&hellip;]<\/p>\n","protected":false},"author":5,"featured_media":0,"parent":0,"menu_order":29,"comment_status":"closed","ping_status":"closed","template":"","meta":{"footnotes":""},"class_list":["post-863","page","type-page","status-publish","hentry"],"jetpack_sharing_enabled":true,"_links":{"self":[{"href":"https:\/\/www.schischule-radstadt.com\/nl\/wp-json\/wp\/v2\/pages\/863","targetHints":{"allow":["GET"]}}],"collection":[{"href":"https:\/\/www.schischule-radstadt.com\/nl\/wp-json\/wp\/v2\/pages"}],"about":[{"href":"https:\/\/www.schischule-radstadt.com\/nl\/wp-json\/wp\/v2\/types\/page"}],"author":[{"embeddable":true,"href":"https:\/\/www.schischule-radstadt.com\/nl\/wp-json\/wp\/v2\/users\/5"}],"replies":[{"embeddable":true,"href":"https:\/\/www.schischule-radstadt.com\/nl\/wp-json\/wp\/v2\/comments?post=863"}],"version-history":[{"count":29,"href":"https:\/\/www.schischule-radstadt.com\/nl\/wp-json\/wp\/v2\/pages\/863\/revisions"}],"predecessor-version":[{"id":5081,"href":"https:\/\/www.schischule-radstadt.com\/nl\/wp-json\/wp\/v2\/pages\/863\/revisions\/5081"}],"wp:attachment":[{"href":"https:\/\/www.schischule-radstadt.com\/nl\/wp-json\/wp\/v2\/media?parent=863"}],"curies":[{"name":"wp","href":"https:\/\/api.w.org\/{rel}","templated":true}]}}