{"id":1304,"date":"2013-04-05T09:09:43","date_gmt":"2013-04-05T07:09:43","guid":{"rendered":"http:\/\/schischule-radstadt.com.w013d2fb.kasserver.com\/kontakt\/agbs\/"},"modified":"2025-02-10T12:25:01","modified_gmt":"2025-02-10T10:25:01","slug":"agbs","status":"publish","type":"page","link":"https:\/\/www.schischule-radstadt.com\/nl\/contact\/agbs\/","title":{"rendered":"Agbs"},"content":{"rendered":"<p>[vc_row el_position=&#8221;first last&#8221;][vc_column][vc_column_text el_position=&#8221;first last&#8221;]<\/p>\r\n<h1>Allgemeine Gesch\u00e4ftsbedingungen<\/h1>\r\n<h2 style=\"text-align: center;\">der Schi&amp;Snowboardschule Radstadt mit Sitz in A-5550 Radstadt<\/h2>\r\n<p><em>Zur besseren Lesbarkeit beziehen sich die verwendeten Personenbezeichnungen, sofern nicht anders kenntlich gemacht, auf alle Geschlechter.<\/em><\/p>\r\n<p>&nbsp;<\/p>\r\n<p><strong>1. Allgemeines<\/strong><\/p>\r\n<p>Soweit nicht ausdr\u00fccklich Gegenteiliges vereinbart wird, gelten f\u00fcr s\u00e4mtliche Gesch\u00e4fte zwischen der Schi&amp;Snowboardschule Radstadt und den Kunden unsere AGB. Gegenstand des Unternehmens ist der Betrieb einer Schneesportschule (Schischule). Davon umfasst sind insbesondere Dienstleistungen, wie die Erteilung von Unterricht in den Fertigkeiten und Kenntnissen des Schilaufes und Snowboard (ohne Garantie eines bestimmten Ausbildungserfolges) sowie das F\u00fchren und Begleiten von den angebotenen Sportarten.<\/p>\r\n<p>&nbsp;<\/p>\r\n<p><strong>2. Vertragsabschluss f\u00fcr Angebote, Online-Preisabfragen und Preise<\/strong><\/p>\r\n<p>Reservierungen f\u00fcr Privatkurse k\u00f6nnen \u00fcber Internet, telefonisch oder per Fax durchgef\u00fchrt werden. Reservierungen gelten erst nach schriftlicher Best\u00e4tigung durch die Schi&amp;Snowboardschule Radstadt als fest gebucht. Die Angebote der Schi&amp;Snowboardschule Radstadt sind freibleibend. F\u00fcr die Annahme der Reservierung und den Umfang der Leistung ist ausschlie\u00dflich unsere schriftliche Auftragsbest\u00e4tigung ma\u00dfgebend. M\u00fcndliche oder telefonische Nebenabreden gelten nur bei ausdr\u00fccklicher schriftlicher Best\u00e4tigung durch die Schi&amp;Snowboardschule Radstadt. Bei Gruppenkursen wird ein Vertragsverh\u00e4ltnis erst mit Erwerb der hierf\u00fcr notwendigen Kurskarten begr\u00fcndet. Alle von uns genannten Preise sind in Euro und sofern nichts anderes vermerkt ist, inklusive der gesetzlichen Umsatzsteuer zu verstehen. Preislisten sind ohne Gew\u00e4hr. F\u00fcr Druckfehler wird nicht gehaftet. \u00a0<\/p>\r\n<p>&nbsp;<\/p>\r\n<p><strong>3. Zahlungsbedingungen<\/strong><\/p>\r\n<p>F\u00fcr abgeschlossene Vertr\u00e4ge ist das Entgelt, sofern nicht anders vereinbart, f\u00fcr die durchzuf\u00fchrende Dienstleistung direkt im Schischul-B\u00fcro zu bezahlen. Bei Zahlungsverzug durch den Besteller sind wir berechtigt, Verzugszinsen in der H\u00f6he von 5 % j\u00e4hrlich zu verrechnen, hierdurch werden Anspr\u00fcche auf Ersatz h\u00f6herer Zinsen nicht beeintr\u00e4chtigt. \u00a0<\/p>\r\n<p>&nbsp;<\/p>\r\n<p><strong>4. Allgemeine Teilnahmebedingungen<\/strong><\/p>\r\n<p>Der Vertragspartner hat die Schi&amp;Snowboardschule Radstadt \u00fcber seine F\u00e4higkeiten und Erfahrungen beim in der jeweiligen Sportart wahrheitsgem\u00e4\u00df und umfassend aufzukl\u00e4ren sowie selbst\u00e4ndig f\u00fcr eine dem Stand der Technik und den \u00e4u\u00dferen Bedingungen entsprechende Ausr\u00fcstung Sorge zu tragen. Ebenfalls hat er die Schi&amp;Snowboardschule Radstadt \u00fcber seine k\u00f6rperliche F\u00e4higkeiten, insbesondere seinen Gesundheitszustand und allf\u00e4llige Leiden, umfassend aufzukl\u00e4ren.Vor Beginn des Unterrichtes ist durch den Vertragspartner selbst\u00e4ndig die \u00dcberpr\u00fcfung der Ausr\u00fcstung (insbesondere Bindung) durch einen Fachbetrieb zu veranlassen. Die Gruppeneinteilung bei Kursen erfolgt durch die Schi&amp;Snowboardschule Radstadt. Sollte die R\u00fcckstufung des Teilnehmers erforderlich sein, so hat der Vertragspartner diese Entscheidung zu befolgen. Andernfalls ist die Schi&amp;Snowboardschule Radstadt zur Vertragsaufl\u00f6sung berechtigt.Der Vertragspartner hat die an ihn ergehenden Anweisungen der Schi&amp;Snowboardschule Radstadt zu befolgen. Das Missachten einer Ermahnung berechtigt die Schi&amp;Snowboardschule Radstadt zur umgehenden Vertragsaufl\u00f6sung. Die Teilnahme an Dienstleistungen der Schi&amp;Snowboardschule Radstadt unter Alkohol- oder Drogeneinfluss berechtigt die Schi&amp;Snowboardschule Radstadt zur umgehenden Vertragsaufl\u00f6sung. Der Vertragspartner hat in den geschilderten F\u00e4llen der Vertragsaufl\u00f6sung keinen Anspruch auf R\u00fcckerstattung des geleisteten Entgelts. \u00a0<\/p>\r\n<p>&nbsp;<\/p>\r\n<p><strong>5. Haftungsbestimmungen<\/strong><\/p>\r\n<p>Grunds\u00e4tzlich haftet die Schi&amp;Snowboardschule Radstadt nach den gesetzlichen Bestimmungen ausschlie\u00dflich f\u00fcr Sch\u00e4den, welche direkt mit der T\u00e4tigkeit der Schi&amp;Snowboardschule Radstadt in Zusammenhang stehen und die vors\u00e4tzlich oder grob fahrl\u00e4ssig herbeigef\u00fchrt wurden. Eine entsprechende Haftpflichtversicherung besteht. \u00a0<\/p>\r\n<p>&nbsp;<\/p>\r\n<p><strong>6. Gew\u00e4hrleistung<\/strong><\/p>\r\n<p>Der Vertragspartner hat allf\u00e4llige Reklamationen unverz\u00fcglich vor Ort im B\u00fcro bekanntzugeben, um f\u00fcr Abhilfe zu sorgen. Bei schuldhaftem Nichtanzeigen besteht kein Anspruch auf Minderung des Entgelts. Anspr\u00fcche gegen die Schi&amp;Snowboardschule Radstadt sind sp\u00e4testens 4 Wochen nach Entstehen schriftlich geltend zu machen und zu begr\u00fcnden.<\/p>\r\n<p>&nbsp;<\/p>\r\n<p><strong>7. R\u00fccktritt \/ Stornierung<\/strong><\/p>\r\n<p>R\u00fccktritte von bereits vereinbarten Leistungen sind nur schriftlich g\u00fcltig.<\/p>\r\n<p>&nbsp;<\/p>\r\n<p>F\u00fcr Privatstunden gilt, dass ein schriftlicher R\u00fccktritt vom Vertrag bis sp\u00e4testens einen Tag (24 Stunden) vor Stundenbeginn ohne Anfall einer Stornogeb\u00fchr m\u00f6glich ist. Erfolgt die Stornierung hingegen erst zu einem sp\u00e4teren Zeitpunkt, so ist die Schi&amp;Snowboardschule Radstadt berechtigt, den vereinbarungsgem\u00e4\u00dfen Tarif im Ausma\u00df eines vollen Tagessatzes zu verlangen.<\/p>\r\n<p>&nbsp;<\/p>\r\n<p>Gruppenkurse, die 3 Monate vor Kursbeginn storniert werden, werden zu 100 % zur\u00fcckerstattet. Bei Stornierungen einen Monat vor Kursbeginn sind 40 % der Kursgeb\u00fchren zu bezahlen, bei Stornierungen eine Woche vor Kursbeginn sind 70 % zu bezahlen. Innerhalb der letzten Woche vor Kursbeginn ist keine R\u00fcckerstattung mehr m\u00f6glich. Hinsichtlich der Gruppenkurse ist eine R\u00fcckerstattung bereits erbrachter Zahlungen in Form eines Gutscheines nur bei Unfall, unter Vorlage des Originalbeleges (siehe R\u00fcckseite der Kurskarte) und mit \u00e4rztlichem Attest eines ortsans\u00e4ssigen Arztes m\u00f6glich, abz\u00fcglich Bearbeitungsgeb\u00fchr von 10 \u20ac pro Ticket. Der Gutschein wird auf Grundlage der tats\u00e4chlich erbrachten Dienstleistungen f\u00fcr diesen Zeitraum ausgestellt. Der Gesamtbetrag wird sich dadurch verringern, es k\u00f6nnen jedoch h\u00f6here Tagess\u00e4tze in Rechnung gestellt werden.<\/p>\r\n<p>&nbsp;<\/p>\r\n<p>Bei R\u00fccktritt w\u00e4hrend einer laufenden Dienstleistung oder bei Nichterscheinen zum vereinbarten Termin erfolgt keine R\u00fcckerstattung. Wenn die Witterungsverh\u00e4ltnisse die Durchf\u00fchrung der Dienstleistung aus Sicherheitsgr\u00fcnden nicht gew\u00e4hrleisten, beh\u00e4lt sich die Schi&amp;amp;Snowboardschule Radstadt das Recht vor, die Dienstleistungen zu verschieben bzw. abzusagen.<\/p>\r\n<p>&nbsp;<\/p>\r\n<p>&nbsp;<\/p>\r\n<p><strong>8. Fotos und Videos<\/strong>\u00a0<\/p>\r\n<p>F\u00fcr Print- und Onlinemedien sowie unsere Social Media-Kan\u00e4le werden bei unseren Privat- und Gruppenkursen Videos und Fotos angefertigt und ver\u00f6ffentlicht. Mit einer Buchung erkl\u00e4ren Sie sich damit einverstanden. Sollten Sie diese Erlaubnis widerrufen wollen, sagen Sie bitte Ihrem Skilehrer oder im B\u00fcro bescheid.<\/p>\r\n<p>&nbsp;<\/p>\r\n<p><strong>9. Erf\u00fcllungsort<\/strong><\/p>\r\n<p>A-5550 Radstadt, Unterbergstra\u00dfe 13<\/p>\r\n<p>&nbsp;<\/p>\r\n<p><strong>10. Gerichtsstand<\/strong><\/p>\r\n<p>Zur Entscheidung aller aus diesem Vertrag entstehenden Streitigkeiten ist das am Sitz der Schi&amp;Snowboardschule Radstadt sachlich zust\u00e4ndige Gericht ausschlie\u00dflich zust\u00e4ndig. \u00a0<\/p>\r\n<p>&nbsp;<\/p>\r\n<p><strong>11. Rechtswahl<\/strong><\/p>\r\n<p>Es gilt \u00f6sterreichisches Recht.<\/p>\r\n<p>&nbsp;<\/p>\r\n<p><strong>12. Rechtswirksamkeit<\/strong><\/p>\r\n<p>Sollten einzelne Bestimmungen dieser Gesch\u00e4ftsbedingungen unwirksam sein, so ber\u00fchrt dies die Wirksamkeit der \u00fcbrigen Bestimmungen und die des gesamten Rechtsgesch\u00e4ftes nicht. Die unwirksame Bedingung ist durch eine solche zu ersetzen, die der unwirksamen Bedingung wirtschaftlich am n\u00e4chsten kommt. <strong>\u00a0<\/strong><\/p>\r\n<p>[\/vc_column_text][\/vc_column][\/vc_row]<\/p>","protected":false},"excerpt":{"rendered":"<p>[vc_row el_position=&#8221;first last&#8221;][vc_column][vc_column_text el_position=&#8221;first last&#8221;] Allgemeine Gesch\u00e4ftsbedingungen der Schi&amp;Snowboardschule Radstadt mit Sitz in A-5550 Radstadt Zur besseren Lesbarkeit beziehen sich die verwendeten Personenbezeichnungen, sofern nicht anders kenntlich gemacht, auf alle Geschlechter. &nbsp; 1. Allgemeines Soweit nicht ausdr\u00fccklich Gegenteiliges vereinbart wird, gelten f\u00fcr s\u00e4mtliche Gesch\u00e4fte zwischen der Schi&amp;Snowboardschule Radstadt und den Kunden unsere AGB. Gegenstand des [&hellip;]<\/p>\n","protected":false},"author":5,"featured_media":0,"parent":1294,"menu_order":34,"comment_status":"closed","ping_status":"closed","template":"","meta":{"footnotes":""},"class_list":["post-1304","page","type-page","status-publish","hentry"],"jetpack_sharing_enabled":true,"_links":{"self":[{"href":"https:\/\/www.schischule-radstadt.com\/nl\/wp-json\/wp\/v2\/pages\/1304","targetHints":{"allow":["GET"]}}],"collection":[{"href":"https:\/\/www.schischule-radstadt.com\/nl\/wp-json\/wp\/v2\/pages"}],"about":[{"href":"https:\/\/www.schischule-radstadt.com\/nl\/wp-json\/wp\/v2\/types\/page"}],"author":[{"embeddable":true,"href":"https:\/\/www.schischule-radstadt.com\/nl\/wp-json\/wp\/v2\/users\/5"}],"replies":[{"embeddable":true,"href":"https:\/\/www.schischule-radstadt.com\/nl\/wp-json\/wp\/v2\/comments?post=1304"}],"version-history":[{"count":10,"href":"https:\/\/www.schischule-radstadt.com\/nl\/wp-json\/wp\/v2\/pages\/1304\/revisions"}],"predecessor-version":[{"id":5106,"href":"https:\/\/www.schischule-radstadt.com\/nl\/wp-json\/wp\/v2\/pages\/1304\/revisions\/5106"}],"up":[{"embeddable":true,"href":"https:\/\/www.schischule-radstadt.com\/nl\/wp-json\/wp\/v2\/pages\/1294"}],"wp:attachment":[{"href":"https:\/\/www.schischule-radstadt.com\/nl\/wp-json\/wp\/v2\/media?parent=1304"}],"curies":[{"name":"wp","href":"https:\/\/api.w.org\/{rel}","templated":true}]}}