{"id":1302,"date":"2013-04-10T15:58:09","date_gmt":"2013-04-10T13:58:09","guid":{"rendered":"http:\/\/schischule-radstadt.com.w013d2fb.kasserver.com\/kontakt\/linktipps-2\/"},"modified":"2025-11-26T10:29:09","modified_gmt":"2025-11-26T08:29:09","slug":"linktipps","status":"publish","type":"page","link":"https:\/\/www.schischule-radstadt.com\/nl\/contact\/linktipps\/","title":{"rendered":"Linktipps"},"content":{"rendered":"\t\t<div data-elementor-type=\"wp-page\" data-elementor-id=\"1302\" class=\"elementor elementor-1302 elementor-130\" data-elementor-post-type=\"page\">\n\t\t\t\t<div class=\"elementor-element elementor-element-d97072a e-flex e-con-boxed e-con e-parent\" data-id=\"d97072a\" data-element_type=\"container\" data-e-type=\"container\">\n\t\t\t\t\t<div class=\"e-con-inner\">\n\t\t\t\t<div class=\"elementor-element elementor-element-0542cd3 elementor-widget elementor-widget-spacer\" data-id=\"0542cd3\" data-element_type=\"widget\" data-e-type=\"widget\" data-widget_type=\"spacer.default\">\n\t\t\t\t\t\t\t<div class=\"elementor-spacer\">\n\t\t\t<div class=\"elementor-spacer-inner\"><\/div>\n\t\t<\/div>\n\t\t\t\t\t\t<\/div>\n\t\t\t\t\t<\/div>\n\t\t\t\t<\/div>\n\t\t<div class=\"elementor-element elementor-element-6959b794 e-flex e-con-boxed e-con e-parent\" data-id=\"6959b794\" data-element_type=\"container\" data-e-type=\"container\" data-settings=\"{&quot;background_background&quot;:&quot;classic&quot;}\">\n\t\t\t\t\t<div class=\"e-con-inner\">\n\t\t<div class=\"elementor-element elementor-element-54716f8 e-con-full e-flex e-con e-child\" data-id=\"54716f8\" data-element_type=\"container\" data-e-type=\"container\" data-settings=\"{&quot;background_background&quot;:&quot;classic&quot;}\">\n\t\t\t\t<div class=\"elementor-element elementor-element-0738cb8 elementor-widget elementor-widget-text-editor\" data-id=\"0738cb8\" data-element_type=\"widget\" data-e-type=\"widget\" data-widget_type=\"text-editor.default\">\n\t\t\t\t\t\t\t\t\t<h1><span style=\"color: #000000;\">Linktipps<\/span><\/h1>\n<p><a class=\"btn btn-block\" href=\"http:\/\/www.stieglerhof.at\/\" target=\"_blank\" rel=\"noopener\">Stieglerhof<\/a><\/p>\n<p><a class=\"btn btn-block\" href=\"http:\/\/www.gruendlers.at\/\" target=\"_blank\" rel=\"noopener\">Gr\u00fcndler&#8217;s Wellnesshotel<\/a><\/p>\n<p><a class=\"btn btn-block\" href=\"http:\/\/www.stegerbraeu.at\/\" target=\"_blank\" rel=\"noopener\">Gasthof Stegerbr\u00e4u<\/a><\/p>\n<p><a class=\"btn btn-block\" href=\"http:\/\/www.nasnergut.at\/\" target=\"_blank\" rel=\"noopener\">Ferienhof Nasnergut<\/a><\/p>\n<p><a class=\"btn btn-block\" href=\"http:\/\/www.hotelbrueggler.at\/\" target=\"_blank\" rel=\"noopener\">Hotel Br\u00fcggler<\/a><\/p>\n<p><a class=\"btn btn-block\" href=\"http:\/\/www.gewuerzmuehle.at\/\" target=\"_blank\" rel=\"noopener\">Die Gew\u00fcrzm\u00fchle<\/a><\/p>\n<p><a class=\"btn btn-block\" href=\"http:\/\/mspwhs25.bon.at\/aubauerngut.at\/aubauerngut\/Landhaus_Aubauerngut\/Home.html\" target=\"_blank\" rel=\"noopener\">Aubauerngut<\/a><\/p>\n<p><a class=\"btn btn-block\" href=\"http:\/\/www.radstadt.com\/\" target=\"_blank\" rel=\"noopener\">Tourismusverband Radstadt<\/a><\/p>\n<p><a class=\"btn btn-block\" href=\"http:\/\/www.taxerhof.at\/\" target=\"_blank\" rel=\"noopener\">Taxerhof<\/a><\/p>\n<p><a class=\"btn btn-block\" href=\"http:\/\/www.roemer.at\/\" target=\"_blank\" rel=\"noopener\">Golfhotel Zum Jungen R\u00f6mer<\/a><\/p>\n<p><a class=\"btn btn-block\" href=\"http:\/\/www.tauernresidence.at\/\" target=\"_blank\" rel=\"noopener\">Tauern residenz<\/a><\/p>\n<p><a class=\"btn btn-block\" href=\"http:\/\/www.posthotel-radstadt.at\/index.html\" target=\"_blank\" rel=\"noopener\">Hotel Post<\/a><\/p>\n<p><a class=\"btn btn-block\" href=\"http:\/\/www.biberhof-radstadt.at\/\" target=\"_blank\" rel=\"noopener\">Biberhof<\/a><\/p>\n<p><a class=\"btn btn-block\" href=\"http:\/\/www.tripolt-radstadt.at\/\" target=\"_blank\" rel=\"noopener\">Landhaus Tripolt<\/a><\/p>\n<p><a class=\"btn btn-block\" href=\"http:\/\/www.seitenalm.at\/\" target=\"_blank\" rel=\"noopener\">Seitenalm<\/a><\/p>\n<p><a class=\"btn btn-block\" href=\"http:\/\/www.gasthof-unterberg.com\/\" target=\"_blank\" rel=\"noopener\">Gasthof Unterberg<\/a><\/p>\n<p><a class=\"btn btn-block\" href=\"http:\/\/www.weissenhof.at\/\" target=\"_blank\" rel=\"noopener\">Hotel Gut Weissenhof<\/a><\/p>\n<p><a class=\"btn btn-block\" href=\"http:\/\/www.ferienwohnung-schorn.at\/Index2.htm\" target=\"_blank\" rel=\"noopener\">Ferienwohnung Schorn<\/a><\/p>\n<p><a class=\"btn btn-block\" href=\"http:\/\/www.maier-radstadt.at\/\" target=\"_blank\" rel=\"noopener\">Ferienhaus Maier<\/a><\/p>\n<p><a class=\"btn btn-block\" href=\"http:\/\/holiday.members.cablelink.at\/\" target=\"_blank\" rel=\"noopener\">Ferienhaus Holiday<\/a><\/p>\n<p><a class=\"btn btn-block\" href=\"http:\/\/www.hubengut.at\/\" target=\"_blank\" rel=\"noopener\">Landhotel Hubengut<\/a><\/p>\n<p><a class=\"btn btn-block\" href=\"http:\/\/www.flory.at\/Radstadt\" target=\"_blank\" rel=\"noopener\">Intersport Flory<\/a><\/p>\n<p><a class=\"btn btn-block\" href=\"http:\/\/www.klieber.at\/\" target=\"_blank\" rel=\"noopener\">Skiverleih Klieber<\/a><\/p>\n<p><a class=\"btn btn-block\" href=\"http:\/\/www.skiamade.com\/de\/winter\/skiregionen\/salzburger-sportwelt\/radstadt-altenmarkt\" target=\"_blank\" rel=\"noopener\">Skigebiet Radstadt\/Altenmarkt<\/a><\/p>\n<p><a class=\"btn btn-block\" href=\"http:\/\/www.skiamade.com\/de\/winter\/skiregionen\/pistenpanorama?zoom=88\" target=\"_blank\" rel=\"noopener\">Pistenpanorama<\/a><\/p>\n\t\t\t\t\t\t\t\t<\/div>\n\t\t\t\t<\/div>\n\t\t\t\t\t<\/div>\n\t\t\t\t<\/div>\n\t\t\t\t<\/div>\n\t\t","protected":false},"excerpt":{"rendered":"<p>Linktipps Stieglerhof Gr\u00fcndler&#8217;s Wellnesshotel Gasthof Stegerbr\u00e4u Ferienhof Nasnergut Hotel Br\u00fcggler Die Gew\u00fcrzm\u00fchle Aubauerngut Tourismusverband Radstadt Taxerhof Golfhotel Zum Jungen R\u00f6mer Tauern residenz Hotel Post Biberhof Landhaus Tripolt Seitenalm Gasthof Unterberg Hotel Gut Weissenhof Ferienwohnung Schorn Ferienhaus Maier Ferienhaus Holiday Landhotel Hubengut Intersport Flory Skiverleih Klieber Skigebiet Radstadt\/Altenmarkt Pistenpanorama<\/p>\n","protected":false},"author":5,"featured_media":0,"parent":1294,"menu_order":26,"comment_status":"closed","ping_status":"closed","template":"","meta":{"footnotes":""},"class_list":["post-1302","page","type-page","status-publish","hentry"],"jetpack_sharing_enabled":true,"_links":{"self":[{"href":"https:\/\/www.schischule-radstadt.com\/nl\/wp-json\/wp\/v2\/pages\/1302","targetHints":{"allow":["GET"]}}],"collection":[{"href":"https:\/\/www.schischule-radstadt.com\/nl\/wp-json\/wp\/v2\/pages"}],"about":[{"href":"https:\/\/www.schischule-radstadt.com\/nl\/wp-json\/wp\/v2\/types\/page"}],"author":[{"embeddable":true,"href":"https:\/\/www.schischule-radstadt.com\/nl\/wp-json\/wp\/v2\/users\/5"}],"replies":[{"embeddable":true,"href":"https:\/\/www.schischule-radstadt.com\/nl\/wp-json\/wp\/v2\/comments?post=1302"}],"version-history":[{"count":6,"href":"https:\/\/www.schischule-radstadt.com\/nl\/wp-json\/wp\/v2\/pages\/1302\/revisions"}],"predecessor-version":[{"id":7790,"href":"https:\/\/www.schischule-radstadt.com\/nl\/wp-json\/wp\/v2\/pages\/1302\/revisions\/7790"}],"up":[{"embeddable":true,"href":"https:\/\/www.schischule-radstadt.com\/nl\/wp-json\/wp\/v2\/pages\/1294"}],"wp:attachment":[{"href":"https:\/\/www.schischule-radstadt.com\/nl\/wp-json\/wp\/v2\/media?parent=1302"}],"curies":[{"name":"wp","href":"https:\/\/api.w.org\/{rel}","templated":true}]}}