{"id":1298,"date":"2013-04-05T08:34:27","date_gmt":"2013-04-05T06:34:27","guid":{"rendered":"http:\/\/schischule-radstadt.com.w013d2fb.kasserver.com\/kontakt\/anfahrt\/"},"modified":"2024-01-29T11:42:54","modified_gmt":"2024-01-29T09:42:54","slug":"anfahrt","status":"publish","type":"page","link":"https:\/\/www.schischule-radstadt.com\/nl\/contact\/anfahrt\/","title":{"rendered":"Anfahrt"},"content":{"rendered":"<p>[vc_row el_position=&#8221;first last&#8221;][vc_column][vc_column_text el_position=&#8221;first last&#8221;]<\/p>\n<h1>Anfahrt zur Schischule in Radstadt<\/h1>\n<p>&nbsp;<\/p>\n<p>Unsere Schischule befindet sich direkt an der Talstation der K\u00f6nigslehen-Bahn Radstadt im gelben Geb\u00e4ude am linken Parkplatz.<\/p>\n<p>&nbsp;<\/p>\n<p><strong>Adresse f\u00fcrs Navi:\u00a0<\/strong><\/p>\n<p>Unterbergstr. 13 in 5550 Radstadt[\/vc_column_text][\/vc_column][\/vc_row]<\/p>\n","protected":false},"excerpt":{"rendered":"<p>[vc_row el_position=&#8221;first last&#8221;][vc_column][vc_column_text el_position=&#8221;first last&#8221;] Anfahrt zur Schischule in Radstadt &nbsp; Unsere Schischule befindet sich direkt an der Talstation der K\u00f6nigslehen-Bahn Radstadt im gelben Geb\u00e4ude am linken Parkplatz. &nbsp; Adresse f\u00fcrs Navi:\u00a0 Unterbergstr. 13 in 5550 Radstadt[\/vc_column_text][\/vc_column][\/vc_row]<\/p>\n","protected":false},"author":5,"featured_media":0,"parent":1294,"menu_order":15,"comment_status":"closed","ping_status":"closed","template":"","meta":{"footnotes":""},"class_list":["post-1298","page","type-page","status-publish","hentry"],"jetpack_sharing_enabled":true,"_links":{"self":[{"href":"https:\/\/www.schischule-radstadt.com\/nl\/wp-json\/wp\/v2\/pages\/1298","targetHints":{"allow":["GET"]}}],"collection":[{"href":"https:\/\/www.schischule-radstadt.com\/nl\/wp-json\/wp\/v2\/pages"}],"about":[{"href":"https:\/\/www.schischule-radstadt.com\/nl\/wp-json\/wp\/v2\/types\/page"}],"author":[{"embeddable":true,"href":"https:\/\/www.schischule-radstadt.com\/nl\/wp-json\/wp\/v2\/users\/5"}],"replies":[{"embeddable":true,"href":"https:\/\/www.schischule-radstadt.com\/nl\/wp-json\/wp\/v2\/comments?post=1298"}],"version-history":[{"count":2,"href":"https:\/\/www.schischule-radstadt.com\/nl\/wp-json\/wp\/v2\/pages\/1298\/revisions"}],"predecessor-version":[{"id":4414,"href":"https:\/\/www.schischule-radstadt.com\/nl\/wp-json\/wp\/v2\/pages\/1298\/revisions\/4414"}],"up":[{"embeddable":true,"href":"https:\/\/www.schischule-radstadt.com\/nl\/wp-json\/wp\/v2\/pages\/1294"}],"wp:attachment":[{"href":"https:\/\/www.schischule-radstadt.com\/nl\/wp-json\/wp\/v2\/media?parent=1298"}],"curies":[{"name":"wp","href":"https:\/\/api.w.org\/{rel}","templated":true}]}}