{"id":1296,"date":"2013-04-05T09:10:27","date_gmt":"2013-04-05T07:10:27","guid":{"rendered":"http:\/\/schischule-radstadt.com.w013d2fb.kasserver.com\/kontakt\/kontakt-anfrage\/"},"modified":"2025-09-04T10:49:44","modified_gmt":"2025-09-04T08:49:44","slug":"kontakt-anfrage","status":"publish","type":"page","link":"https:\/\/www.schischule-radstadt.com\/nl\/contact\/kontakt-anfrage\/","title":{"rendered":"Kontakt &#038; Anfahrt"},"content":{"rendered":"<h1>Kontaktieren Sie uns gerne!<\/h1>\n<h3 style=\"text-align: right;\">Bis bald!<\/h3>\n<p><img fetchpriority=\"high\" decoding=\"async\" class=\"alignnone wp-image-4816 size-full\" src=\"https:\/\/www.schischule-radstadt.com\/wp-content\/uploads\/0a22e46b-1d2e-443d-9e80-5fa1ebea2111-1-e1707989089881.webp\" alt=\"\" width=\"1559\" height=\"802\" \/><\/p>\n<p>&nbsp;<\/p>\n<p style=\"text-align: center;\"><strong>Schischule Radstadt<\/strong><br \/>\nUnterbergstra\u00dfe 13<br \/>\nA-5550 Radstadt<\/p>\n<p style=\"text-align: center;\">Tel. +43 6452 20757<br \/>\nMobil +43 664 311 93 62<\/p>\n<p>&nbsp;<\/p>\n<p style=\"text-align: center;\"><a class=\"btn\" href=\"mailto:info@schischule-radstadt.com\" target=\"_blank\" rel=\"noopener noreferrer\">E-mail senden<\/a><\/p>\n<p>&nbsp;<\/p>\n<p>&nbsp;<\/p>\n<p style=\"text-align: center;\">Sie finden uns direkt bei der Talstation der K\u00f6nigslehenbahn in Radstadt:<\/p>\n<p><img decoding=\"async\" class=\"wp-image-5038 size-large aligncenter\" src=\"https:\/\/www.schischule-radstadt.com\/wp-content\/uploads\/schischule-front-neu-gross-800x490.jpg\" alt=\"\" width=\"550\" height=\"337\" \/><\/p>\n<h4><\/h4>\n<p>&nbsp;<\/p>\n<h4>Anfrage:<\/h4>\n<p>[quform id=&#8221;1&#8243; name=&#8221;Kursanfrage Deutsch&#8221;]<\/p>\n<p>&nbsp;<\/p>\n<p>Nach Absenden des Kontaktformulars erfolgt eine Verarbeitung der oben angef\u00fchrten Daten durch den datenschutzrechtlich Verantwortlichen\u00a0Schischule Radstadt<strong>,\u00a0<\/strong>Unterbergstra\u00dfe 13, A-5550 Radstadt, <a href=\"mailto:info@schischule-radstadt.com\">info@schischule-radstadt.com<\/a>, zum Zweck der Bearbeitung Ihrer Anfrage auf Grundlage Ihrer durch das Absenden des Formulars erteilten Einwilligung. Es erfolgt eine Weiterverarbeitung der Daten zum Zweck der Direktwerbung, welche mit dem urspr\u00fcnglichen Verarbeitungszweck vereinbar ist, auf derselben Rec\u00adhtsgrundlage bis auf Widerspruch. Es besteht keine gesetzliche oder vertragliche Verpflichtung zur Bereitstellung der personenbezogenen Daten. Die Nichtbereitstellung hat lediglich zur Folge, dass Sie Ihr Anliegen nicht \u00fcbermitteln und wir dieses nicht bearbeiten k\u00f6nnen. Eine Weitergabe an andere Empf\u00e4nger erfolgt nicht. Sie haben das Recht, Ihre Einwilligung jederzeit durch schriftliche Mitteilung zu widerrufen, ohne dass die Rechtm\u00e4\u00dfigkeit der aufgrund der Einwilligung bis zum Widerruf erfolgten Verarbeitung ber\u00fchrt wird. Sie haben das Recht, der Verwendung Ihrer personenbezogenen Daten zum Zweck der Direktwerbung jederzeit durch schriftliche Mitteilung zu widersprechen. Im Fall des Widerspruchs werden Ihre personenbezogenen Daten nicht mehr zum Zweck der Direktwerbung verarbeitet. Sie haben das Recht auf Auskunft, Berichtigung, L\u00f6schung, Einschr\u00e4nkung der Verarbeitung und \u00dcbertragbarkeit Ihrer personenbezogenen Daten sowie das Recht auf Beschwerde bei der Aufsichtsbeh\u00f6rde (\u00d6sterreichische Datenschutzbeh\u00f6rde, Wickenburggasse 8, 1080 Wien, <a href=\"mailto:dsb@dsb.gv.at)\">dsb@dsb.gv.at)<\/a>.<\/p>\n","protected":false},"excerpt":{"rendered":"<p>Kontaktieren Sie uns gerne! Bis bald! &nbsp; Schischule Radstadt Unterbergstra\u00dfe 13 A-5550 Radstadt Tel. +43 6452 20757 Mobil +43 664 311 93 62 &nbsp; E-mail senden &nbsp; &nbsp; Sie finden uns direkt bei der Talstation der K\u00f6nigslehenbahn in Radstadt: &nbsp; Anfrage: [quform id=&#8221;1&#8243; name=&#8221;Kursanfrage Deutsch&#8221;] &nbsp; Nach Absenden des Kontaktformulars erfolgt eine Verarbeitung der oben [&hellip;]<\/p>\n","protected":false},"author":5,"featured_media":0,"parent":1294,"menu_order":11,"comment_status":"closed","ping_status":"closed","template":"","meta":{"footnotes":""},"class_list":["post-1296","page","type-page","status-publish","hentry"],"jetpack_sharing_enabled":true,"_links":{"self":[{"href":"https:\/\/www.schischule-radstadt.com\/nl\/wp-json\/wp\/v2\/pages\/1296","targetHints":{"allow":["GET"]}}],"collection":[{"href":"https:\/\/www.schischule-radstadt.com\/nl\/wp-json\/wp\/v2\/pages"}],"about":[{"href":"https:\/\/www.schischule-radstadt.com\/nl\/wp-json\/wp\/v2\/types\/page"}],"author":[{"embeddable":true,"href":"https:\/\/www.schischule-radstadt.com\/nl\/wp-json\/wp\/v2\/users\/5"}],"replies":[{"embeddable":true,"href":"https:\/\/www.schischule-radstadt.com\/nl\/wp-json\/wp\/v2\/comments?post=1296"}],"version-history":[{"count":19,"href":"https:\/\/www.schischule-radstadt.com\/nl\/wp-json\/wp\/v2\/pages\/1296\/revisions"}],"predecessor-version":[{"id":5747,"href":"https:\/\/www.schischule-radstadt.com\/nl\/wp-json\/wp\/v2\/pages\/1296\/revisions\/5747"}],"up":[{"embeddable":true,"href":"https:\/\/www.schischule-radstadt.com\/nl\/wp-json\/wp\/v2\/pages\/1294"}],"wp:attachment":[{"href":"https:\/\/www.schischule-radstadt.com\/nl\/wp-json\/wp\/v2\/media?parent=1296"}],"curies":[{"name":"wp","href":"https:\/\/api.w.org\/{rel}","templated":true}]}}